{"id":32420,"date":"2023-10-14T14:54:49","date_gmt":"2023-10-14T12:54:49","guid":{"rendered":"https:\/\/lebi-modelism.com\/condizioni-generali\/"},"modified":"2023-12-11T14:01:50","modified_gmt":"2023-12-11T13:01:50","slug":"condizioni-generali","status":"publish","type":"page","link":"https:\/\/lebi-modelism.com\/it\/condizioni-generali\/","title":{"rendered":"Condizioni generali"},"content":{"rendered":"<h4><strong>Condizioni generali del sito LEBI.MODELISM<\/strong><\/h4>\n<p>Ultimo aggiornamento:<em> <time itemprop=\"dateModified\" datetime=\"2023-12-11T14:01:50+01:00\">Dicembre 11, 2023<\/time><\/em><\/p>\n<p>1. Note legali: il sito LEBI.MODELISM appartiene alla societ\u00e0 LEBI WORLDWIDE, con sede legale in Boulevard Bischoffsheim 39\/4 &#8211; 1000 Bruxelles &#8211; Belgio; RC Bruxelles n\u00b0 0644 648 736; partita IVA n. BE 0644 648 736.<\/p>\n<p>2. Condizioni di utilizzo: qualsiasi utilizzo del sito implica l&#8217;accettazione di queste condizioni generali e particolari di utilizzo, che Lebi.modelism si riserva il diritto di modificare in qualsiasi momento e senza preavviso, al fine di rispondere alle richieste dei clienti e\/o di rispettare gli obblighi legali e normativi.<\/p>\n<p>3. Restrizioni di accesso al sito: Lebi.modelism si riserva il diritto, a sua esclusiva discrezione, di proibire senza preavviso l&#8217;accesso a una parte o alla totalit\u00e0 del sito (e, eventualmente, di richiedere un indennizzo) da parte di qualsiasi persona (fisica o giuridica) colpevole di aver violato queste condizioni di utilizzo, ad esempio pubblicando annunci ingannevoli, falsi o illegali sul sito, minando la reputazione del sito, utilizzando il sito per finalit\u00e0 illecite, violando i diritti di propriet\u00e0 intellettuale e\/o industriale, utilizzando i dati personali ottenuti tramite il sito per proporre prodotti o servizi a pagamento o per inviare quantit\u00e0 elevate di messaggi indesiderati (spamming).<\/p>\n<p>4. Abbonamento:<\/p>\n<p>4.1. L&#8217;abbonamento dell&#8217;utente a Lebi.modelism resta attivo fino alla sua rescissione. Per utilizzare il servizio di Lebi.modelism, l&#8217;utente deve disporre di un accesso a Internet e di un dispositivo compatibile con Lebi.modelism. Inoltre, deve indicare uno o pi\u00f9 metodi di pagamento. Un &#8220;Metodo di pagamento&#8221; rappresenta uno strumento di pagamento reale, valido e approvato, che pu\u00f2 essere aggiornato di tanto in tanto e che pu\u00f2 includere il pagamento tramite l&#8217;account dell&#8217;utente presso una terza parte. Se l&#8217;utente non annulla l&#8217;abbonamento prima della data di fatturazione, ci autorizza ad addebitare i costi dell&#8217;abbonamento per il ciclo di fatturazione successivo sul suo Metodo di pagamento (consultare la sezione &#8220;Rescissione&#8221; qui sotto).<\/p>\n<p>4.2. Proponiamo diverse opzioni di abbonamento, inclusi abbonamenti offerti da terze parti nell&#8217;ambito dell&#8217;offerta dei rispettivi prodotti e servizi. Alcune offerte di abbonamento potrebbero prevedere diverse condizioni e restrizioni, che saranno comunicate all&#8217;utente al momento della sua iscrizione o in altre comunicazioni messe a disposizione dell&#8217;utente. L&#8217;utente pu\u00f2 consultare i dettagli del suo abbonamento a Lebi.modelism sul sito web lebi-modelism.com, selezionando &#8220;Il mio account&#8221; nella parte superiore delle pagine, sotto il suo nome di profilo.<\/p>\n<p>5. Offerte promozionali: Occasionalmente, potremmo proporre delle offerte o degli abbonamenti speciali (&#8220;Offerte&#8221;). La possibilit\u00e0 di usufruire delle Offerte viene determinata da Lebi Worldwide a sua esclusiva discrezione. Inoltre, ci riserviamo il diritto di revocare un&#8217;Offerta e di sospendere l&#8217;account dell&#8217;utente se dovessimo ritenere che non ha diritto di usufruire dell&#8217;Offerta.<\/p>\n<p>6. Fatturazione e rescissione:<\/p>\n<p>6.1. Ciclo di fatturazione. Le spese di abbonamento al servizio Lebi.modelism vengono fatturate sul Metodo di pagamento dell&#8217;utente nella data di pagamento indicata nella pagina &#8220;Account&#8221;. La durata del ciclo di fatturazione dipende dal tipo di abbonamento selezionato durante l&#8217;iscrizione al servizio. In alcuni casi la data di pagamento pu\u00f2 cambiare, ad esempio se il Metodo di pagamento dell&#8217;utente non funziona, se l&#8217;utente sceglie una nuova offerta o se l&#8217;abbonamento \u00e8 iniziato un giorno non esistente in un determinato mese. \u00c8 possibile consultare la data della fatturazione successiva accedendo al sito web Lebi.modelism.com e selezionando &#8220;Dati di fatturazione&#8221; nella pagina &#8220;Account&#8221;. Se l&#8217;utente si \u00e8 iscritto a Lebi.modelism utilizzando un account presso una terza parte come Metodo di pagamento, pu\u00f2 consultare i dati di fatturazione relativi al suo abbonamento con Lebi.modelism sull&#8217;account della terza parte.<\/p>\n<p>6.2. Metodo di pagamento. Per utilizzare il servizio di Lebi.modelism, l&#8217;utente deve indicare uno o pi\u00f9 metodi di pagamento. Se il Metodo di pagamento principale non funziona o non risulta pi\u00f9 a nostra disposizione per il pagamento delle spese di abbonamento, l&#8217;utente ci autorizza a effettuare prelievi sul suo account tramite qualsiasi Metodo di pagamento associato all&#8217;account. L&#8217;utente \u00e8 debitore di tutti gli importi non prelevati. Se non \u00e8 possibile procedere con un pagamento a causa della scadenza della carta, della presenza di un saldo insufficiente o per qualsiasi altro motivo, e l&#8217;utente non chiude il suo account, ci riserviamo il diritto di sospendere l&#8217;accesso al nostro servizio da parte dell&#8217;utente fino a quando non saremo riusciti a prelevare l&#8217;importo spettante tramite un Metodo di pagamento valido. Con alcuni Metodi di pagamento, il fornitore potrebbe fatturare all&#8217;utente determinati costi come le commissioni sulle transazioni internazionali o altre spese associate all&#8217;elaborazione del Metodo di pagamento. Le imposte locali possono variare a seconda del Metodo di pagamento. Per maggiori informazioni, rivolgersi al fornitore del proprio Metodo di pagamento.<\/p>\n<p>6.3. Aggiornamento dei Metodi di pagamento. I Metodi di pagamento possono essere aggiornati nella pagina &#8220;Account&#8221;. Possiamo inoltre aggiornare i Metodi di pagamento dell&#8217;utente con i dati ricevuti dai fornitori dei servizi di pagamento. Dopo qualsiasi aggiornamento, l&#8217;utente ci autorizza a continuare a prelevare gli importi spettanti sul\/sui Metodo\/i di pagamento pertinente\/i.<\/p>\n<p>6.4. Rescissione. L&#8217;utente pu\u00f2 rescindere l&#8217;abbonamento a Lebi.modelism in qualsiasi momento e continuare a utilizzare il servizio fino al termine del periodo di fatturazione. I pagamenti non sono rimborsabili e non emettiamo alcun rimborso o accredito per i periodi di utilizzo parziali o per gli eventuali contenuti di Lebi.modelism non utilizzati. \u00c8 possibile rescindere l&#8217;abbonamento accedendo alla pagina &#8220;Account&#8221; e seguendo le istruzioni visualizzate. Se l&#8217;utente rescinde l&#8217;abbonamento, il suo account verr\u00e0 automaticamente chiuso alla conclusione del periodo di fatturazione in corso. \u00c8 possibile consultare la data di chiusura del proprio account accedendo alla pagina &#8220;Account&#8221; e selezionando &#8220;Dati di fatturazione&#8221;. Se l&#8217;utente si \u00e8 iscritto a Lebi.modelism utilizzando un account presso una terza parte come Metodo di pagamento e desidera rescindere il suo abbonamento a Lebi.modelism, potrebbe doverlo fare presso tale terza parte, ad esempio accedendo al suo account con la terza parte e disattivando il rinnovo automatico o annullando l&#8217;abbonamento al servizio di Lebi.modelism tramite la terza parte.<\/p>\n<p>6.5. Modifiche al prezzo e agli abbonamenti. Ci riserviamo il diritto di apportare modifiche ai nostri abbonamenti e al prezzo del nostro servizio di tanto in tanto. Tuttavia, qualsiasi modifica alle tariffe o agli abbonamenti entrer\u00e0 in vigore dopo un periodo minimo di 30 giorni dalla ricezione di una notifica da parte nostra. Se l&#8217;utente non accetta qualsiasi modifica alle tariffe o all&#8217;abbonamento, pu\u00f2 annullare il suo abbonamento prima dell&#8217;entrata in vigore di tali modifiche.<\/p>\n<p>7. Tariffe degli annunci:<\/p>\n<p>7.1. Gli annunci vengono pubblicati per periodi variabili alle tariffe applicabili indicate sul sito.<\/p>\n<p>7.2. Le tariffe degli annunci variano a seconda del tipo di annuncio e della durata prevista, senza la possibilit\u00e0 di apportare modifiche in tal senso da parte dell&#8217;inserzionista. L&#8217;importo totale di un annuncio \u00e8 dovuto per il solo fatto di essere pubblicato sul sito. Pertanto, se ritira un annuncio prima della data di scadenza o se cambia idea, l&#8217;inserzionista non pu\u00f2 richiedere alcun rimborso totale o parziale.<\/p>\n<p>7.3. Se Lebi.modelism apporta modifiche alle sue tariffe, le tariffe aggiornate entrano immediatamente in vigore per i nuovi annunci pubblicati dall&#8217;inserzionista.<\/p>\n<p>7.4. L&#8217;inserzionista \u00e8 l&#8217;unico responsabile dell&#8217;aggiornamento e del ritiro degli annunci pubblicati sul sito. Gli annunci che non sono stati ritirati dall&#8217;utente alla data di scadenza prevista resteranno automaticamente sul sito e saranno soggetti a un nuovo ciclo di fatturazione (come se si trattasse di nuovi annunci), alle tariffe applicabili al momento della conservazione.<\/p>\n<p>8. Restrizioni relative alla pubblicazione degli annunci: Lebi.modelism si riserva il diritto, a sua esclusiva discrezione, di rifiutare o disattivare, prima della sua data di scadenza e senza contropartita economica, un annuncio pubblicato sul proprio sito, nei seguenti casi: violazione di qualsiasi disposizione legale o normativa da parte dell&#8217;annuncio; presenza di informazioni ingannevoli, falsi o illegali nel testo o nelle immagini dell&#8217;annuncio; annuncio relativo a un bene gi\u00e0 venduto o noleggiato; annuncio che non fa riferimento in maniera esplicita a un bene immobile o che rimanda a un altro sito web.<\/p>\n<p>9. Realt\u00e0, disponibilit\u00e0 e pertinenza degli annunci e dei servizi:<\/p>\n<p>9.1. I contenuti (testi, dati, fotografie, video, ecc.) pubblicati sul sito da un inserzionista sono di sua esclusiva responsabilit\u00e0.<\/p>\n<p>9.2. Gli inserzionisti si impegnano a pubblicare unicamente annunci non contrari ai diritti (d&#8217;autore, di immagine, di personalit\u00e0, di pratiche commerciali, incitamento alla discriminazione (legge del 2007), ecc.) o ai buoni costumi.<\/p>\n<p>9.3. Lebi.modelism non si assume alcuna responsabilit\u00e0 diretta o indiretta per ci\u00f2 che riguarda la legalit\u00e0, l&#8217;esattezza e\/o il contenuto degli annunci pubblicati sul proprio sito, n\u00e9 per la qualit\u00e0 dei beni e\/o servizi promossi.<\/p>\n<p>9.4. Un annuncio disponibile sul sito non costituisce in alcun modo un&#8217;offerta nel senso giuridico del termine, che potrebbe nascere solo in seguito a un contatto diretto con l&#8217;agente immobiliare, il notaio, l&#8217;inserzionista e\/o la persona che ha pubblicato l&#8217;annuncio.<\/p>\n<p>9.5. Se Lebi.modelism mette a disposizione degli utenti del suo sito degli strumenti di simulazione (ad es. aspetti finanziari, crediti, spese di acquisto, ecc.), le informazioni risultanti vengono fornite a titolo puramente indicativo.<\/p>\n<p>10. Condizioni di pagamento:<\/p>\n<p>10.1. Tutte le fatture devono essere saldate a pronta cassa.<\/p>\n<p>10.2. Per essere valide, le contestazioni relative alle fatture devono essere effettuate entro dieci (10) giorni dall&#8217;invio della fattura, tramite lettera raccomandata.<\/p>\n<p>10.3. In caso di mancato pagamento di una o pi\u00f9 fatture, gli importi dovuti alla scadenza matureranno, in modo automatico e senza preavviso, un interesse dell&#8217;uno percento (1%) mensile, a partire dalla data di scadenza della fattura. Qualsiasi mese iniziato sar\u00e0 considerato un mese completo per il calcolo degli interessi.<\/p>\n<p>10.4. In caso di mancato pagamento, all&#8217;importo dovuto verr\u00e0 inoltre aggiunta una penale del 10% della somma insoluta, con un minimo di cinquanta euro (50,00 \u20ac), a titolo di risarcimento danni e interessi.<\/p>\n<p>10.5. In seguito, Lebi.modelism si riserva il diritto, senza preavviso, di rifiutare i nuovi annunci dell&#8217;inserzionista e\/o disattivare il suo account, ritirando tutti gli annunci presenti, senza dover emettere alcun rimborso o risarcimento nei confronti dell&#8217;inserzionista. La riattivazione degli annunci (che potrebbe generare nuove spese di attivazione) potr\u00e0 prodursi solo dopo la ricezione di tutti gli importi dovuti e degli eventuali interessi di mora e altre spese.<\/p>\n<p>11. Disponibilit\u00e0 del sito:<\/p>\n<p>11.1. Per motivi tecnici e di sicurezza, Lebi.modelism si riserva il diritto di interrompere l&#8217;accesso al sito, senza assumersi alcuna responsabilit\u00e0 di tali interruzioni e delle eventuali conseguenze per l&#8217;utente.<\/p>\n<p>11.2. Nella misura del possibile, Lebi.modelism verifica che gli annunci presenti sul suo sito siano esenti da bug, virus, spyuware, trojan horse e altre minacce informatiche, senza assumersi alcuna responsabilit\u00e0 diretta o indiretta per gli eventuali danni e\/o perdite risultanti per l&#8217;utente.<\/p>\n<p>12. Hyperlink: Lebi.modelism non si assume alcuna responsabilit\u00e0 indiretta o indiretta per i contenuti o le conseguenze dell&#8217;utilizzo degli hyperlink disponibili sul sito che rimandano a contenuti o siti gestiti da terze parti.<\/p>\n<p>13. Riservatezza e dati personali<\/p>\n<p>13.1. La password assegnata a ciascun utente \u00e8 personale e riservata e, pertanto, non deve essere comunicata ad altre persone. Ciascun utente \u00e8 l&#8217;unico responsabile delle attivit\u00e0 svolte a proprio nome in seguito all&#8217;utilizzo della password.<\/p>\n<p>13.2. Lebi.modelism rispetta le normative applicabili in materia di protezione dei dati personali, incluso il GDPR.<\/p>\n<p>14. Propriet\u00e0 intellettuale:<\/p>\n<p>14.1. Tutti i contenuti di questo sito (loghi, testi, elementi grafici, illustrazioni, database, codici HTML, ecc.) e il marchio Lebi.modelism (depositato presso il BOIP) appartengono in esclusiva alla societ\u00e0 LEBI WORLDWIDE e sono protetti dalla propriet\u00e0 intellettuale e industriale e dal diritto che protegge i database e proibisce qualsiasi estrazione e\/o utilizzo di una parte o della totalit\u00e0 dei database. Pertanto, LEBI WORLDWIDE si riserva il diritto di utilizzare i contenuti del sito (inclusi i contenuti codificati dall&#8217;utente) per qualsiasi finalit\u00e0, incluso a titolo promozionale sui social network o su altri siti.<\/p>\n<p>14.2. Lebi.modelism si riserva il diritto di modificare unilateralmente, senza preavviso e in qualsiasi momento la configurazione e i contenuti del sito. Nella misura del possibile, tutte le modifiche significative (ad esempio l&#8217;aggiornamento delle tariffe) verranno comunicate all&#8217;utente.<\/p>\n<p>14.3. Qualsiasi copia, traduzione, adattamento, modifica o utilizzo della totalit\u00e0 o di uno degli elementi protetti, in qualsiasi modo e con qualunque strumento, senza il previo consenso scritto di LEBI WORLDWIDE, \u00e8 severamente proibito.<\/p>\n<p>14.4. L&#8217;utente dispone di una licenza non esclusiva, non trasferibile e revocabile in qualsiasi momento di accesso, pubblicazione, download e stampa dei contenuti del sito, unicamente per finalit\u00e0 strettamente personali e non commerciali.<\/p>\n<p>15. Garanzia. L&#8217;utente si impegna a tenere indenne Lebi.modelism da qualsiasi procedimento giudiziario o qualsiasi altro procedimento intentato da qualsiasi terza parte. Si impegna inoltre a indennizzare LEBI WORLDWIDE dei danni e interessi, delle sanzioni, delle imposte o di altri importi eventualmente reclamati come conseguenza di tali procedimenti, incluse le spese amministrative, legali e procedurali.<\/p>\n<p>16. Legge applicabile e foro competente:<\/p>\n<p>16.1. La nullit\u00e0 della totalit\u00e0 o di una parte delle condizioni non provocher\u00e0 la nullit\u00e0 dell&#8217;insieme delle condizioni ma, semplicemente, la disposizione interessata sar\u00e0 considerata non redatta.<\/p>\n<p>16.2. Per qualsiasi controversia associata all&#8217;utilizzo del sito Lebi.modelism, i tribunali di Bruxelles applicheranno il diritto belga e saranno gli unici competenti in materia.<\/p>\n<h4><strong>Condizioni speciali applicabili al sito LEBI.MODELISM per i clienti professionali.<\/strong><\/h4>\n<p>17. Applicazione:<\/p>\n<p>17.1. Queste condizioni speciali si applicano specificamente alle relazioni commerciali tra LEBI WORLDWIDE e i suoi clienti professionali (di seguito i &#8220;clienti professionali&#8221;), vale a dire gli inserzionisti immobiliari professionali (qualsiasi persona fisica o giuridica, a eccezione dei notai, che svolge regolarmente attivit\u00e0 di vendita e locazione di beni immobili sul mercato) e i venditori di spazi pubblicitari.<\/p>\n<p>17.2. In caso di conflitto tra le condizioni speciali e le condizioni generali, avranno la precedenza quelle speciali.<\/p>\n<p>18. Contratto specifico:<\/p>\n<p>18.1. Quando un cliente professionale pubblica un annuncio, un account professionale viene creato a suo nome e inserito nei database. L&#8217;account viene aperto per almeno un mese, con rinnovo tacito. Anche se il cliente non propone beni immobili sul sito, il suo account resta attivo e le attivit\u00e0 amministrative e tecniche per questo servizio vengono fatturate ogni mese al cliente alle tariffe in vigore, fino a quando il cliente non comunicher\u00e0 espressamente a Lebi.modelism l&#8217;intenzione di chiudere definitivamente il suo account.<\/p>\n<p>18.2. Il cliente professionale pu\u00f2 trasferire gli annunci solo nell&#8217;ambito delle proprie attivit\u00e0 professionali e, pertanto, \u00e8 vietato trasferire annunci a nome e\/o per conto di altre agenzie immobiliari o di altri professionisti.<\/p>\n<p>18.3. Il cliente professionale si impegna a non svolgere alcuna attivit\u00e0 di concorrenza sleale nei confronti di Lebi.modelism, evitando, ad esempio, di promuovere implicitamente o esplicitamente fornitori di servizi simili a quelli offerti da Lebi.modelism.<\/p>\n<p>19. Contenuto: il cliente professionale si assume l&#8217;intera responsabilit\u00e0 relativamente: alla correttezza del contenuto degli annunci che trasferisce sul sito; ai diritti associati a tutti gli elementi utilizzati nei vari annunci; a tutti gli aspetti associati alle relazioni con i proprietari in vista della vendita o della locazione dei beni promossi sugli annunci.<\/p>\n","protected":false},"excerpt":{"rendered":"<p>Condizioni generali del sito LEBI.MODELISM Ultimo aggiornamento: 1. Note legali: il sito LEBI.MODELISM appartiene alla societ\u00e0 LEBI WORLDWIDE, con sede legale in Boulevard Bischoffsheim 39\/4 &#8211; 1000 Bruxelles &#8211; Belgio; RC Bruxelles n\u00b0 0644 648 736; partita IVA n. BE 0644 648 736. 2. Condizioni di utilizzo: qualsiasi utilizzo del sito implica l&#8217;accettazione di queste [&hellip;]<\/p>\n","protected":false},"author":1,"featured_media":0,"parent":0,"menu_order":0,"comment_status":"closed","ping_status":"closed","template":"","meta":{"_lmt_disableupdate":"","_lmt_disable":"","footnotes":""},"class_list":["post-32420","page","type-page","status-publish","hentry","grve-entry-item"],"yoast_head":"<title>Condizioni generali - Lebi.modelism<\/title>\n<meta name=\"robots\" content=\"index, follow, max-snippet:-1, max-image-preview:large, max-video-preview:-1\" \/>\n<link rel=\"canonical\" href=\"https:\/\/lebi-modelism.com\/it\/condizioni-generali\/\" \/>\n<meta property=\"og:locale\" content=\"it_IT\" \/>\n<meta property=\"og:type\" content=\"article\" \/>\n<meta property=\"og:title\" content=\"Condizioni generali - Lebi.modelism\" \/>\n<meta property=\"og:description\" content=\"Condizioni generali del sito LEBI.MODELISM Ultimo aggiornamento: 1. Note legali: il sito LEBI.MODELISM appartiene alla societ\u00e0 LEBI WORLDWIDE, con sede legale in Boulevard Bischoffsheim 39\/4 &#8211; 1000 Bruxelles &#8211; Belgio; RC Bruxelles n\u00b0 0644 648 736; partita IVA n. BE 0644 648 736. 2. Condizioni di utilizzo: qualsiasi utilizzo del sito implica l&#8217;accettazione di queste [&hellip;]\" \/>\n<meta property=\"og:url\" content=\"https:\/\/lebi-modelism.com\/it\/condizioni-generali\/\" \/>\n<meta property=\"og:site_name\" content=\"Lebi.modelism\" \/>\n<meta property=\"article:publisher\" content=\"https:\/\/www.facebook.com\/lebi.modelism\" \/>\n<meta property=\"article:modified_time\" content=\"2023-12-11T13:01:50+00:00\" \/>\n<meta name=\"twitter:card\" content=\"summary_large_image\" \/>\n<meta name=\"twitter:label1\" content=\"Tempo di lettura stimato\" \/>\n\t<meta name=\"twitter:data1\" content=\"12 minuti\" \/>\n<script type=\"application\/ld+json\" class=\"yoast-schema-graph\">{\"@context\":\"https:\\\/\\\/schema.org\",\"@graph\":[{\"@type\":\"WebPage\",\"@id\":\"https:\\\/\\\/lebi-modelism.com\\\/it\\\/condizioni-generali\\\/\",\"url\":\"https:\\\/\\\/lebi-modelism.com\\\/it\\\/condizioni-generali\\\/\",\"name\":\"Condizioni generali - Lebi.modelism\",\"isPartOf\":{\"@id\":\"https:\\\/\\\/lebi-modelism.com\\\/it\\\/#website\"},\"datePublished\":\"2023-10-14T12:54:49+00:00\",\"dateModified\":\"2023-12-11T13:01:50+00:00\",\"breadcrumb\":{\"@id\":\"https:\\\/\\\/lebi-modelism.com\\\/it\\\/condizioni-generali\\\/#breadcrumb\"},\"inLanguage\":\"it-IT\",\"potentialAction\":[{\"@type\":\"ReadAction\",\"target\":[\"https:\\\/\\\/lebi-modelism.com\\\/it\\\/condizioni-generali\\\/\"]}]},{\"@type\":\"BreadcrumbList\",\"@id\":\"https:\\\/\\\/lebi-modelism.com\\\/it\\\/condizioni-generali\\\/#breadcrumb\",\"itemListElement\":[{\"@type\":\"ListItem\",\"position\":1,\"name\":\"Home\",\"item\":\"https:\\\/\\\/lebi-modelism.com\\\/it\\\/\"},{\"@type\":\"ListItem\",\"position\":2,\"name\":\"Condizioni generali\"}]},{\"@type\":\"WebSite\",\"@id\":\"https:\\\/\\\/lebi-modelism.com\\\/it\\\/#website\",\"url\":\"https:\\\/\\\/lebi-modelism.com\\\/it\\\/\",\"name\":\"Lebi.modelism\",\"description\":\"\",\"publisher\":{\"@id\":\"https:\\\/\\\/lebi-modelism.com\\\/it\\\/#organization\"},\"potentialAction\":[{\"@type\":\"SearchAction\",\"target\":{\"@type\":\"EntryPoint\",\"urlTemplate\":\"https:\\\/\\\/lebi-modelism.com\\\/it\\\/?s={search_term_string}\"},\"query-input\":{\"@type\":\"PropertyValueSpecification\",\"valueRequired\":true,\"valueName\":\"search_term_string\"}}],\"inLanguage\":\"it-IT\"},{\"@type\":\"Organization\",\"@id\":\"https:\\\/\\\/lebi-modelism.com\\\/it\\\/#organization\",\"name\":\"Lebi Modelism\",\"url\":\"https:\\\/\\\/lebi-modelism.com\\\/it\\\/\",\"logo\":{\"@type\":\"ImageObject\",\"inLanguage\":\"it-IT\",\"@id\":\"https:\\\/\\\/lebi-modelism.com\\\/it\\\/#\\\/schema\\\/logo\\\/image\\\/\",\"url\":\"https:\\\/\\\/lebi-modelism.com\\\/wp-content\\\/uploads\\\/2023\\\/10\\\/logo_lebi_modelism-COLOR.svg\",\"contentUrl\":\"https:\\\/\\\/lebi-modelism.com\\\/wp-content\\\/uploads\\\/2023\\\/10\\\/logo_lebi_modelism-COLOR.svg\",\"width\":379,\"height\":85,\"caption\":\"Lebi Modelism\"},\"image\":{\"@id\":\"https:\\\/\\\/lebi-modelism.com\\\/it\\\/#\\\/schema\\\/logo\\\/image\\\/\"},\"sameAs\":[\"https:\\\/\\\/www.facebook.com\\\/lebi.modelism\",\"https:\\\/\\\/www.instagram.com\\\/lebimodelism\",\"https:\\\/\\\/www.youtube.com\\\/@LebiModelism\"]}]}<\/script>","yoast_head_json":{"title":"Condizioni generali - Lebi.modelism","robots":{"index":"index","follow":"follow","max-snippet":"max-snippet:-1","max-image-preview":"max-image-preview:large","max-video-preview":"max-video-preview:-1"},"canonical":"https:\/\/lebi-modelism.com\/it\/condizioni-generali\/","og_locale":"it_IT","og_type":"article","og_title":"Condizioni generali - Lebi.modelism","og_description":"Condizioni generali del sito LEBI.MODELISM Ultimo aggiornamento: 1. Note legali: il sito LEBI.MODELISM appartiene alla societ\u00e0 LEBI WORLDWIDE, con sede legale in Boulevard Bischoffsheim 39\/4 &#8211; 1000 Bruxelles &#8211; Belgio; RC Bruxelles n\u00b0 0644 648 736; partita IVA n. BE 0644 648 736. 2. Condizioni di utilizzo: qualsiasi utilizzo del sito implica l&#8217;accettazione di queste [&hellip;]","og_url":"https:\/\/lebi-modelism.com\/it\/condizioni-generali\/","og_site_name":"Lebi.modelism","article_publisher":"https:\/\/www.facebook.com\/lebi.modelism","article_modified_time":"2023-12-11T13:01:50+00:00","twitter_card":"summary_large_image","twitter_misc":{"Tempo di lettura stimato":"12 minuti"},"schema":{"@context":"https:\/\/schema.org","@graph":[{"@type":"WebPage","@id":"https:\/\/lebi-modelism.com\/it\/condizioni-generali\/","url":"https:\/\/lebi-modelism.com\/it\/condizioni-generali\/","name":"Condizioni generali - Lebi.modelism","isPartOf":{"@id":"https:\/\/lebi-modelism.com\/it\/#website"},"datePublished":"2023-10-14T12:54:49+00:00","dateModified":"2023-12-11T13:01:50+00:00","breadcrumb":{"@id":"https:\/\/lebi-modelism.com\/it\/condizioni-generali\/#breadcrumb"},"inLanguage":"it-IT","potentialAction":[{"@type":"ReadAction","target":["https:\/\/lebi-modelism.com\/it\/condizioni-generali\/"]}]},{"@type":"BreadcrumbList","@id":"https:\/\/lebi-modelism.com\/it\/condizioni-generali\/#breadcrumb","itemListElement":[{"@type":"ListItem","position":1,"name":"Home","item":"https:\/\/lebi-modelism.com\/it\/"},{"@type":"ListItem","position":2,"name":"Condizioni generali"}]},{"@type":"WebSite","@id":"https:\/\/lebi-modelism.com\/it\/#website","url":"https:\/\/lebi-modelism.com\/it\/","name":"Lebi.modelism","description":"","publisher":{"@id":"https:\/\/lebi-modelism.com\/it\/#organization"},"potentialAction":[{"@type":"SearchAction","target":{"@type":"EntryPoint","urlTemplate":"https:\/\/lebi-modelism.com\/it\/?s={search_term_string}"},"query-input":{"@type":"PropertyValueSpecification","valueRequired":true,"valueName":"search_term_string"}}],"inLanguage":"it-IT"},{"@type":"Organization","@id":"https:\/\/lebi-modelism.com\/it\/#organization","name":"Lebi Modelism","url":"https:\/\/lebi-modelism.com\/it\/","logo":{"@type":"ImageObject","inLanguage":"it-IT","@id":"https:\/\/lebi-modelism.com\/it\/#\/schema\/logo\/image\/","url":"https:\/\/lebi-modelism.com\/wp-content\/uploads\/2023\/10\/logo_lebi_modelism-COLOR.svg","contentUrl":"https:\/\/lebi-modelism.com\/wp-content\/uploads\/2023\/10\/logo_lebi_modelism-COLOR.svg","width":379,"height":85,"caption":"Lebi Modelism"},"image":{"@id":"https:\/\/lebi-modelism.com\/it\/#\/schema\/logo\/image\/"},"sameAs":["https:\/\/www.facebook.com\/lebi.modelism","https:\/\/www.instagram.com\/lebimodelism","https:\/\/www.youtube.com\/@LebiModelism"]}]}},"_links":{"self":[{"href":"https:\/\/lebi-modelism.com\/it\/wp-json\/wp\/v2\/pages\/32420","targetHints":{"allow":["GET"]}}],"collection":[{"href":"https:\/\/lebi-modelism.com\/it\/wp-json\/wp\/v2\/pages"}],"about":[{"href":"https:\/\/lebi-modelism.com\/it\/wp-json\/wp\/v2\/types\/page"}],"author":[{"embeddable":true,"href":"https:\/\/lebi-modelism.com\/it\/wp-json\/wp\/v2\/users\/1"}],"replies":[{"embeddable":true,"href":"https:\/\/lebi-modelism.com\/it\/wp-json\/wp\/v2\/comments?post=32420"}],"version-history":[{"count":0,"href":"https:\/\/lebi-modelism.com\/it\/wp-json\/wp\/v2\/pages\/32420\/revisions"}],"wp:attachment":[{"href":"https:\/\/lebi-modelism.com\/it\/wp-json\/wp\/v2\/media?parent=32420"}],"curies":[{"name":"wp","href":"https:\/\/api.w.org\/{rel}","templated":true}]}}