{"id":32102,"date":"2023-10-14T14:51:35","date_gmt":"2023-10-14T12:51:35","guid":{"rendered":"https:\/\/lebi-modelism.com\/chi-siamo\/"},"modified":"2024-01-05T16:51:42","modified_gmt":"2024-01-05T15:51:42","slug":"chi-siamo","status":"publish","type":"page","link":"https:\/\/lebi-modelism.com\/it\/chi-siamo\/","title":{"rendered":"Chi siamo"},"content":{"rendered":"\t\t<div data-elementor-type=\"wp-page\" data-elementor-id=\"32102\" class=\"elementor elementor-32102 elementor-29662\" data-elementor-post-type=\"page\">\n\t\t\t\t<section class=\"elementor-element elementor-element-fb39887 e-flex e-con-boxed e-con e-parent\" data-id=\"fb39887\" data-element_type=\"container\" data-e-type=\"container\">\n\t\t\t\t\t<div class=\"e-con-inner\">\n\t\t<div class=\"elementor-element elementor-element-db10542 e-con-full e-flex e-con e-child\" data-id=\"db10542\" data-element_type=\"container\" data-e-type=\"container\">\n\t\t\t\t<div class=\"elementor-element elementor-element-7b5e8e0 elementor-widget elementor-widget-impeka_title\" data-id=\"7b5e8e0\" data-element_type=\"widget\" data-e-type=\"widget\" data-widget_type=\"impeka_title.default\">\n\t\t\t\t<div class=\"elementor-widget-container\">\n\t\t\t\t\t<h1 class=\"grve-element grve-title grve-h1\"><span>La nostra storia<br>\n<\/span><\/h1>\t\t\t\t<\/div>\n\t\t\t\t<\/div>\n\t\t\t\t<div class=\"elementor-element elementor-element-bef68e5 grve-elementor-align--tabletcenter grve-elementor-align-left elementor-widget elementor-widget-impeka_title\" data-id=\"bef68e5\" data-element_type=\"widget\" data-e-type=\"widget\" data-widget_type=\"impeka_title.default\">\n\t\t\t\t<div class=\"elementor-widget-container\">\n\t\t\t\t\t<h3 class=\"grve-element grve-title grve-h5\"><span>Tutto \u00e8 iniziato durante la pandemia del COVID.<br>\n<\/span><\/h3>\t\t\t\t<\/div>\n\t\t\t\t<\/div>\n\t\t\t\t<div class=\"elementor-element elementor-element-cf597dd elementor-widget elementor-widget-text-editor\" data-id=\"cf597dd\" data-element_type=\"widget\" data-e-type=\"widget\" data-widget_type=\"text-editor.default\">\n\t\t\t\t<div class=\"elementor-widget-container\">\n\t\t\t\t\t\t\t\t\t<p>Con una collezione di 40 locomotive e un centinaio di vagoni, S\u00e9bastien Debi\u00e8ve (CEO) si \u00e8 reso conto che era giunto il momento di redigere un inventario.<\/p>\n<p>Tuttavia, era impossibile ricordare gli indirizzi digitali assegnati alle locomotive (indirizzi manuali), le date degli interventi di manutenzione del materiale pi\u00f9 recenti, le fatture del materiale, i venditori, ecc. <br \/>Iniziando a lavorare con un file Excel, S\u00e9bastien ha subito realizzato che si stava imbarcando in una &#8220;missione impossibile&#8221;.<\/p>\n\t\t\t\t\t\t\t\t<\/div>\n\t\t\t\t<\/div>\n\t\t\t\t<div class=\"elementor-element elementor-element-1811a8f grve-elementor-align-left elementor-widget elementor-widget-impeka_button\" data-id=\"1811a8f\" data-element_type=\"widget\" data-e-type=\"widget\" data-widget_type=\"impeka_button.default\">\n\t\t\t\t<div class=\"elementor-widget-container\">\n\t\t\t\t\t<div class=\"grve-element\"><a href=\"https:\/\/lebi-modelism.com\/it\/contatti\" class=\"grve-btn grve-extra-round grve-bg-grey grve-border-grey grve-bg-hover-primary-5 grve-border-hover-primary-5 grve-text-dark-grey grve-text-hover-white grve-shadow-medium grve-btn-medium\">\r\n\t\t<span>Contattaci<\/span>\r\n\t\t\t\t\t\t\t<\/a><\/div>\t\t\t\t<\/div>\n\t\t\t\t<\/div>\n\t\t\t\t<\/div>\n\t\t<div class=\"elementor-element elementor-element-5a5fccf e-con-full e-flex e-con e-child\" data-id=\"5a5fccf\" data-element_type=\"container\" data-e-type=\"container\">\n\t\t\t\t<div class=\"elementor-element elementor-element-b7049e9 elementor-widget elementor-widget-image\" data-id=\"b7049e9\" data-element_type=\"widget\" data-e-type=\"widget\" data-widget_type=\"image.default\">\n\t\t\t\t<div class=\"elementor-widget-container\">\n\t\t\t\t\t\t\t\t\t\t\t\t\t\t\t<img fetchpriority=\"high\" decoding=\"async\" width=\"2840\" height=\"2840\" src=\"https:\/\/lebi-modelism.com\/wp-content\/uploads\/2023\/10\/illu-01.svg\" class=\"attachment-large size-large wp-image-30857\" alt=\"\" \/>\t\t\t\t\t\t\t\t\t\t\t\t\t\t\t<\/div>\n\t\t\t\t<\/div>\n\t\t\t\t<\/div>\n\t\t\t\t\t<\/div>\n\t\t\t\t<\/section>\n\t\t<section class=\"elementor-element elementor-element-0964c9c e-flex e-con-boxed e-con e-parent\" data-id=\"0964c9c\" data-element_type=\"container\" data-e-type=\"container\">\n\t\t\t\t\t<div class=\"e-con-inner\">\n\t\t\t\t<div class=\"elementor-element elementor-element-a821f9d elementor-invisible elementor-widget elementor-widget-timeline-widget-addon\" data-id=\"a821f9d\" data-element_type=\"widget\" data-e-type=\"widget\" data-settings=\"{&quot;_animation&quot;:&quot;fadeIn&quot;}\" data-widget_type=\"timeline-widget-addon.default\">\n\t\t\t\t<div class=\"elementor-widget-container\">\n\t\t\t\t\t<!-- ========= Timeline Widget  Addon For Elementor 1.6.24 ========= -->\n<div id=\"twae-wrapper-a821f9d\" class=\"twae-wrapper twae-horizontal-timeline\">\n<div class=\"twae-wrapper-inside\">\n <div id=\"twae-slider-container-a821f9d\" data-dir=\"\" data-slidestoshow=\"3\" data-autoplay=\"false\" data-auto-height=\"true\" class=\"twae-slider-container swiper-container\">\n <div  class=\"twae-slider-wrapper swiper-wrapper no-height\"><!-- Start of Story Repeater Content --><div id=\"twae-article-2a5b83b\" class=\"twae-repeater-item twae-story swiper-slide twae-story-no-icon\"><!-- Story Year Label --><div class=\"twae-year twae-year-container story-year-2a5b83b\">\n\t\t\t\t\t<div class=\"twae-year-label twae-year-text\">2021<\/div>\n\t\t\t\t<\/div><!-- Story Label --><div class=\"twae-labels\"><div class=\"twae-label-big\">Febbraio<\/div><\/div><!-- Story Icon Dot --><div class=\"twae-icondot\"><\/div><!-- Story Arrow --><div class=\"twae-arrow\"><\/div><!-- Start of Story Content --><div class=\"twae-content\"><!-- Story Description --><div class=\"twae-description\"><p>Sviluppo delle specifiche tecniche in vista della realizzazione della piattaforma ideale, facile da utilizzare e intuitiva per gli utenti di tutte le et\u00e0. Dopo un sondaggio condotto su diversi forum, viene redatto il documento finale con le specifiche tecniche.<\/p>\n<\/div><\/div><\/div><!-- Start of Story Repeater Content --><div id=\"twae-article-de258f7\" class=\"twae-repeater-item twae-story swiper-slide twae-story-no-icon\"><!-- Story Year Label --><div class=\"twae-year twae-year-container story-year-de258f7\">\n\t\t\t\t\t<div class=\"twae-year-label twae-year-text\">2023<\/div>\n\t\t\t\t<\/div><!-- Story Label --><div class=\"twae-labels\"><div class=\"twae-label-big twae-label-big\">Gennaio<\/div><\/div><!-- Story Icon Dot --><div class=\"twae-icondot\"><\/div><!-- Story Arrow --><div class=\"twae-arrow\"><\/div><!-- Start of Story Content --><div class=\"twae-content\"><!-- Story Description --><div class=\"twae-description twae-description\"><p>S\u00e9bastien chiede aiuto al fratello Bruno per occuparsi del design tenendo conto delle specifiche tecniche. Queste attivit\u00e0 richiederanno ben otto mesi. Proprio cos\u00ec, S\u00e9bastien e Bruno sono molto esigenti dal punto di vista del design, della semplicit\u00e0 delle operazioni e dell'esperienza dell'utente... dopo tutto, si tratta del loro lavoro! I fratelli immaginano i loro zii mentre utilizzano la piattaforma (anche loro hanno una collezione di trenini elettrici).<\/p>\n<\/div><\/div><\/div><!-- Start of Story Repeater Content --><div id=\"twae-article-769ccc7\" class=\"twae-repeater-item twae-story swiper-slide twae-story-no-icon\"><!-- Story Label --><div class=\"twae-labels\"><div class=\"twae-label-big twae-label-big twae-label-big\">Agosto<\/div><\/div><!-- Story Icon Dot --><div class=\"twae-icondot\"><\/div><!-- Story Arrow --><div class=\"twae-arrow\"><\/div><!-- Start of Story Content --><div class=\"twae-content\"><!-- Story Description --><div class=\"twae-description twae-description twae-description\"><p>Terminate le attivit\u00e0 di design, occorre trovare il fornitore di servizi ideale per la nostra piattaforma. A tal fine, vengono messi a punto alcuni requisiti particolarmente rigorosi per individuare l'host pi\u00f9 \"verde\", visto che tutto ci\u00f2 viene ospitato sul cloud, sebbene invisibile, inquina l'ambiente. Dopo un mese di ricerche, viene individuato il fornitore di servizi in grado di soddisfare tutti i nostri criteri in termini di compensazione delle emissioni di CO2, che genera e ricorre all'energia verde.<\/p>\n<\/div><\/div><\/div><!-- Start of Story Repeater Content --><div id=\"twae-article-a407c36\" class=\"twae-repeater-item twae-story swiper-slide twae-story-no-icon\"><!-- Story Label --><div class=\"twae-labels\"><div class=\"twae-label-big twae-label-big twae-label-big twae-label-big\">Settembre<\/div><\/div><!-- Story Icon Dot --><div class=\"twae-icondot\"><\/div><!-- Story Arrow --><div class=\"twae-arrow\"><\/div><!-- Start of Story Content --><div class=\"twae-content\"><!-- Story Description --><div class=\"twae-description twae-description twae-description twae-description\"><p>Si passa alle attivit\u00e0 di sviluppo, che richiedono tre mesi. L'installazione di un'infrastruttura ultra-sicura, da riprodurre nei quattro angoli del pianeta, \u00e8 un aspetto fondamentale.<\/p>\n<\/div><\/div><\/div><!-- Start of Story Repeater Content --><div id=\"twae-article-8bfd2a0\" class=\"twae-repeater-item twae-story swiper-slide twae-story-no-icon\"><!-- Story Label --><div class=\"twae-labels\"><div class=\"twae-label-big twae-label-big twae-label-big twae-label-big twae-label-big\">Novembre<\/div><\/div><!-- Story Icon Dot --><div class=\"twae-icondot\"><\/div><!-- Story Arrow --><div class=\"twae-arrow\"><\/div><!-- Start of Story Content --><div class=\"twae-content\"><!-- Story Description --><div class=\"twae-description twae-description twae-description twae-description twae-description\"><p>Numerosi test approfonditi vengono condotti con i diversi fornitori di servizi (data center, servizi bancari, ecc.) e approvati dal nostro team.<\/p>\n<\/div><\/div><\/div><!-- Start of Story Repeater Content --><div id=\"twae-article-8ced334\" class=\"twae-repeater-item twae-story swiper-slide twae-story-no-icon\"><!-- Story Label --><div class=\"twae-labels\"><div class=\"twae-label-big twae-label-big twae-label-big twae-label-big twae-label-big twae-label-big\">14 Dicembre<\/div><\/div><!-- Story Icon Dot --><div class=\"twae-icondot\"><\/div><!-- Story Arrow --><div class=\"twae-arrow\"><\/div><!-- Start of Story Content --><div class=\"twae-content\"><!-- Story Description --><div class=\"twae-description twae-description twae-description twae-description twae-description twae-description\"><p>La nostra creatura vede la luce e ne siamo molto lieti! Stiamo gi\u00e0 lavorando a nuove funzionalit\u00e0 tenendo conto dei commenti dei clienti \ud83d\ude42<\/p>\n<\/div><\/div><\/div><\/div><\/div><\/div> <!-- Add Arrows -->\n       <div class=\"twae-button-prev\"><i class=\"fas fa-chevron-left\"><\/i><\/div>\n       <div class=\"twae-button-next\"><i class=\"fas fa-chevron-right\"><\/i><\/div>\n       <div class=\"twae-h-line\"><\/div>\n       <div class=\"twae-line-fill\"><\/div>\n    <\/div><style type=\"text\/css\">@media (max-width: 1024px){ .twae-wrapper{--tw-ybx-size: 75px !important;}}@media (max-width: 767px){ .twae-wrapper{--tw-ybx-size: 75px !important}}<\/style>\t\t\t\t<\/div>\n\t\t\t\t<\/div>\n\t\t\t\t\t<\/div>\n\t\t\t\t<\/section>\n\t\t\t\t<\/div>\n\t\t","protected":false},"excerpt":{"rendered":"<p>La nostra storia Tutto \u00e8 iniziato durante la pandemia del COVID. Con una collezione di 40 locomotive e un centinaio di vagoni, S\u00e9bastien Debi\u00e8ve (CEO) si \u00e8 reso conto che era giunto il momento di redigere un inventario. Tuttavia, era impossibile ricordare gli indirizzi digitali assegnati alle locomotive (indirizzi manuali), le date degli interventi di [&hellip;]<\/p>\n","protected":false},"author":1,"featured_media":0,"parent":0,"menu_order":0,"comment_status":"closed","ping_status":"closed","template":"","meta":{"_lmt_disableupdate":"","_lmt_disable":"","footnotes":""},"class_list":["post-32102","page","type-page","status-publish","hentry","grve-entry-item"],"yoast_head":"<title>Chi siamo - Lebi.modelism<\/title>\n<meta name=\"robots\" content=\"index, follow, max-snippet:-1, max-image-preview:large, max-video-preview:-1\" \/>\n<link rel=\"canonical\" href=\"https:\/\/lebi-modelism.com\/it\/chi-siamo\/\" \/>\n<meta property=\"og:locale\" content=\"it_IT\" \/>\n<meta property=\"og:type\" content=\"article\" \/>\n<meta property=\"og:title\" content=\"Chi siamo - Lebi.modelism\" \/>\n<meta property=\"og:description\" content=\"La nostra storia Tutto \u00e8 iniziato durante la pandemia del COVID. Con una collezione di 40 locomotive e un centinaio di vagoni, S\u00e9bastien Debi\u00e8ve (CEO) si \u00e8 reso conto che era giunto il momento di redigere un inventario. Tuttavia, era impossibile ricordare gli indirizzi digitali assegnati alle locomotive (indirizzi manuali), le date degli interventi di [&hellip;]\" \/>\n<meta property=\"og:url\" content=\"https:\/\/lebi-modelism.com\/it\/chi-siamo\/\" \/>\n<meta property=\"og:site_name\" content=\"Lebi.modelism\" \/>\n<meta property=\"article:publisher\" content=\"https:\/\/www.facebook.com\/lebi.modelism\" \/>\n<meta property=\"article:modified_time\" content=\"2024-01-05T15:51:42+00:00\" \/>\n<meta property=\"og:image\" content=\"https:\/\/lebi-modelism.com\/wp-content\/uploads\/2023\/10\/illu-01.svg\" \/>\n<meta name=\"twitter:card\" content=\"summary_large_image\" \/>\n<meta name=\"twitter:label1\" content=\"Tempo di lettura stimato\" \/>\n\t<meta name=\"twitter:data1\" content=\"2 minuti\" \/>\n<script type=\"application\/ld+json\" class=\"yoast-schema-graph\">{\"@context\":\"https:\\\/\\\/schema.org\",\"@graph\":[{\"@type\":\"WebPage\",\"@id\":\"https:\\\/\\\/lebi-modelism.com\\\/it\\\/chi-siamo\\\/\",\"url\":\"https:\\\/\\\/lebi-modelism.com\\\/it\\\/chi-siamo\\\/\",\"name\":\"Chi siamo - Lebi.modelism\",\"isPartOf\":{\"@id\":\"https:\\\/\\\/lebi-modelism.com\\\/it\\\/#website\"},\"primaryImageOfPage\":{\"@id\":\"https:\\\/\\\/lebi-modelism.com\\\/it\\\/chi-siamo\\\/#primaryimage\"},\"image\":{\"@id\":\"https:\\\/\\\/lebi-modelism.com\\\/it\\\/chi-siamo\\\/#primaryimage\"},\"thumbnailUrl\":\"https:\\\/\\\/lebi-modelism.com\\\/wp-content\\\/uploads\\\/2023\\\/10\\\/illu-01.svg\",\"datePublished\":\"2023-10-14T12:51:35+00:00\",\"dateModified\":\"2024-01-05T15:51:42+00:00\",\"breadcrumb\":{\"@id\":\"https:\\\/\\\/lebi-modelism.com\\\/it\\\/chi-siamo\\\/#breadcrumb\"},\"inLanguage\":\"it-IT\",\"potentialAction\":[{\"@type\":\"ReadAction\",\"target\":[\"https:\\\/\\\/lebi-modelism.com\\\/it\\\/chi-siamo\\\/\"]}]},{\"@type\":\"ImageObject\",\"inLanguage\":\"it-IT\",\"@id\":\"https:\\\/\\\/lebi-modelism.com\\\/it\\\/chi-siamo\\\/#primaryimage\",\"url\":\"https:\\\/\\\/lebi-modelism.com\\\/wp-content\\\/uploads\\\/2023\\\/10\\\/illu-01.svg\",\"contentUrl\":\"https:\\\/\\\/lebi-modelism.com\\\/wp-content\\\/uploads\\\/2023\\\/10\\\/illu-01.svg\"},{\"@type\":\"BreadcrumbList\",\"@id\":\"https:\\\/\\\/lebi-modelism.com\\\/it\\\/chi-siamo\\\/#breadcrumb\",\"itemListElement\":[{\"@type\":\"ListItem\",\"position\":1,\"name\":\"Home\",\"item\":\"https:\\\/\\\/lebi-modelism.com\\\/it\\\/\"},{\"@type\":\"ListItem\",\"position\":2,\"name\":\"Chi siamo\"}]},{\"@type\":\"WebSite\",\"@id\":\"https:\\\/\\\/lebi-modelism.com\\\/it\\\/#website\",\"url\":\"https:\\\/\\\/lebi-modelism.com\\\/it\\\/\",\"name\":\"Lebi.modelism\",\"description\":\"\",\"publisher\":{\"@id\":\"https:\\\/\\\/lebi-modelism.com\\\/it\\\/#organization\"},\"potentialAction\":[{\"@type\":\"SearchAction\",\"target\":{\"@type\":\"EntryPoint\",\"urlTemplate\":\"https:\\\/\\\/lebi-modelism.com\\\/it\\\/?s={search_term_string}\"},\"query-input\":{\"@type\":\"PropertyValueSpecification\",\"valueRequired\":true,\"valueName\":\"search_term_string\"}}],\"inLanguage\":\"it-IT\"},{\"@type\":\"Organization\",\"@id\":\"https:\\\/\\\/lebi-modelism.com\\\/it\\\/#organization\",\"name\":\"Lebi Modelism\",\"url\":\"https:\\\/\\\/lebi-modelism.com\\\/it\\\/\",\"logo\":{\"@type\":\"ImageObject\",\"inLanguage\":\"it-IT\",\"@id\":\"https:\\\/\\\/lebi-modelism.com\\\/it\\\/#\\\/schema\\\/logo\\\/image\\\/\",\"url\":\"https:\\\/\\\/lebi-modelism.com\\\/wp-content\\\/uploads\\\/2023\\\/10\\\/logo_lebi_modelism-COLOR.svg\",\"contentUrl\":\"https:\\\/\\\/lebi-modelism.com\\\/wp-content\\\/uploads\\\/2023\\\/10\\\/logo_lebi_modelism-COLOR.svg\",\"width\":379,\"height\":85,\"caption\":\"Lebi Modelism\"},\"image\":{\"@id\":\"https:\\\/\\\/lebi-modelism.com\\\/it\\\/#\\\/schema\\\/logo\\\/image\\\/\"},\"sameAs\":[\"https:\\\/\\\/www.facebook.com\\\/lebi.modelism\",\"https:\\\/\\\/www.instagram.com\\\/lebimodelism\",\"https:\\\/\\\/www.youtube.com\\\/@LebiModelism\"]}]}<\/script>","yoast_head_json":{"title":"Chi siamo - Lebi.modelism","robots":{"index":"index","follow":"follow","max-snippet":"max-snippet:-1","max-image-preview":"max-image-preview:large","max-video-preview":"max-video-preview:-1"},"canonical":"https:\/\/lebi-modelism.com\/it\/chi-siamo\/","og_locale":"it_IT","og_type":"article","og_title":"Chi siamo - Lebi.modelism","og_description":"La nostra storia Tutto \u00e8 iniziato durante la pandemia del COVID. Con una collezione di 40 locomotive e un centinaio di vagoni, S\u00e9bastien Debi\u00e8ve (CEO) si \u00e8 reso conto che era giunto il momento di redigere un inventario. Tuttavia, era impossibile ricordare gli indirizzi digitali assegnati alle locomotive (indirizzi manuali), le date degli interventi di [&hellip;]","og_url":"https:\/\/lebi-modelism.com\/it\/chi-siamo\/","og_site_name":"Lebi.modelism","article_publisher":"https:\/\/www.facebook.com\/lebi.modelism","article_modified_time":"2024-01-05T15:51:42+00:00","og_image":[{"url":"https:\/\/lebi-modelism.com\/wp-content\/uploads\/2023\/10\/illu-01.svg","type":"","width":"","height":""}],"twitter_card":"summary_large_image","twitter_misc":{"Tempo di lettura stimato":"2 minuti"},"schema":{"@context":"https:\/\/schema.org","@graph":[{"@type":"WebPage","@id":"https:\/\/lebi-modelism.com\/it\/chi-siamo\/","url":"https:\/\/lebi-modelism.com\/it\/chi-siamo\/","name":"Chi siamo - Lebi.modelism","isPartOf":{"@id":"https:\/\/lebi-modelism.com\/it\/#website"},"primaryImageOfPage":{"@id":"https:\/\/lebi-modelism.com\/it\/chi-siamo\/#primaryimage"},"image":{"@id":"https:\/\/lebi-modelism.com\/it\/chi-siamo\/#primaryimage"},"thumbnailUrl":"https:\/\/lebi-modelism.com\/wp-content\/uploads\/2023\/10\/illu-01.svg","datePublished":"2023-10-14T12:51:35+00:00","dateModified":"2024-01-05T15:51:42+00:00","breadcrumb":{"@id":"https:\/\/lebi-modelism.com\/it\/chi-siamo\/#breadcrumb"},"inLanguage":"it-IT","potentialAction":[{"@type":"ReadAction","target":["https:\/\/lebi-modelism.com\/it\/chi-siamo\/"]}]},{"@type":"ImageObject","inLanguage":"it-IT","@id":"https:\/\/lebi-modelism.com\/it\/chi-siamo\/#primaryimage","url":"https:\/\/lebi-modelism.com\/wp-content\/uploads\/2023\/10\/illu-01.svg","contentUrl":"https:\/\/lebi-modelism.com\/wp-content\/uploads\/2023\/10\/illu-01.svg"},{"@type":"BreadcrumbList","@id":"https:\/\/lebi-modelism.com\/it\/chi-siamo\/#breadcrumb","itemListElement":[{"@type":"ListItem","position":1,"name":"Home","item":"https:\/\/lebi-modelism.com\/it\/"},{"@type":"ListItem","position":2,"name":"Chi siamo"}]},{"@type":"WebSite","@id":"https:\/\/lebi-modelism.com\/it\/#website","url":"https:\/\/lebi-modelism.com\/it\/","name":"Lebi.modelism","description":"","publisher":{"@id":"https:\/\/lebi-modelism.com\/it\/#organization"},"potentialAction":[{"@type":"SearchAction","target":{"@type":"EntryPoint","urlTemplate":"https:\/\/lebi-modelism.com\/it\/?s={search_term_string}"},"query-input":{"@type":"PropertyValueSpecification","valueRequired":true,"valueName":"search_term_string"}}],"inLanguage":"it-IT"},{"@type":"Organization","@id":"https:\/\/lebi-modelism.com\/it\/#organization","name":"Lebi Modelism","url":"https:\/\/lebi-modelism.com\/it\/","logo":{"@type":"ImageObject","inLanguage":"it-IT","@id":"https:\/\/lebi-modelism.com\/it\/#\/schema\/logo\/image\/","url":"https:\/\/lebi-modelism.com\/wp-content\/uploads\/2023\/10\/logo_lebi_modelism-COLOR.svg","contentUrl":"https:\/\/lebi-modelism.com\/wp-content\/uploads\/2023\/10\/logo_lebi_modelism-COLOR.svg","width":379,"height":85,"caption":"Lebi Modelism"},"image":{"@id":"https:\/\/lebi-modelism.com\/it\/#\/schema\/logo\/image\/"},"sameAs":["https:\/\/www.facebook.com\/lebi.modelism","https:\/\/www.instagram.com\/lebimodelism","https:\/\/www.youtube.com\/@LebiModelism"]}]}},"_links":{"self":[{"href":"https:\/\/lebi-modelism.com\/it\/wp-json\/wp\/v2\/pages\/32102","targetHints":{"allow":["GET"]}}],"collection":[{"href":"https:\/\/lebi-modelism.com\/it\/wp-json\/wp\/v2\/pages"}],"about":[{"href":"https:\/\/lebi-modelism.com\/it\/wp-json\/wp\/v2\/types\/page"}],"author":[{"embeddable":true,"href":"https:\/\/lebi-modelism.com\/it\/wp-json\/wp\/v2\/users\/1"}],"replies":[{"embeddable":true,"href":"https:\/\/lebi-modelism.com\/it\/wp-json\/wp\/v2\/comments?post=32102"}],"version-history":[{"count":0,"href":"https:\/\/lebi-modelism.com\/it\/wp-json\/wp\/v2\/pages\/32102\/revisions"}],"wp:attachment":[{"href":"https:\/\/lebi-modelism.com\/it\/wp-json\/wp\/v2\/media?parent=32102"}],"curies":[{"name":"wp","href":"https:\/\/api.w.org\/{rel}","templated":true}]}}