{"id":31978,"date":"2023-09-18T14:42:14","date_gmt":"2023-09-18T12:42:14","guid":{"rendered":"https:\/\/lebi-modelism.com\/reglages-des-cookies\/"},"modified":"2024-01-03T23:10:49","modified_gmt":"2024-01-03T22:10:49","slug":"reglages-des-cookies","status":"publish","type":"page","link":"https:\/\/lebi-modelism.com\/fr\/reglages-des-cookies\/","title":{"rendered":"R\u00e9glages des cookies"},"content":{"rendered":"\t\t<div data-elementor-type=\"wp-page\" data-elementor-id=\"31978\" class=\"elementor elementor-31978 elementor-3\" data-elementor-post-type=\"page\">\n\t\t\t\t<main class=\"elementor-element elementor-element-0196f23 e-flex e-con-boxed e-con e-parent\" data-id=\"0196f23\" data-element_type=\"container\" data-e-type=\"container\">\n\t\t\t\t\t<div class=\"e-con-inner\">\n\t\t<div class=\"elementor-element elementor-element-cad9298 e-flex e-con-boxed e-con e-child\" data-id=\"cad9298\" data-element_type=\"container\" data-e-type=\"container\">\n\t\t\t\t\t<div class=\"e-con-inner\">\n\t\t\t\t<div class=\"elementor-element elementor-element-bb7b4e4 grve-elementor-align-left elementor-widget elementor-widget-impeka_title\" data-id=\"bb7b4e4\" data-element_type=\"widget\" data-e-type=\"widget\" data-widget_type=\"impeka_title.default\">\n\t\t\t\t<div class=\"elementor-widget-container\">\n\t\t\t\t\t<h2 class=\"grve-element grve-title grve-h3\"><span>R\u00e9glages des cookies<br>\n<\/span><\/h2>\t\t\t\t<\/div>\n\t\t\t\t<\/div>\n\t\t\t\t<div class=\"elementor-element elementor-element-f5c1eed grve-elementor-align-left elementor-widget elementor-widget-impeka_title\" data-id=\"f5c1eed\" data-element_type=\"widget\" data-e-type=\"widget\" data-widget_type=\"impeka_title.default\">\n\t\t\t\t<div class=\"elementor-widget-container\">\n\t\t\t\t\t<h3 class=\"grve-element grve-title grve-h4\"><span>Qu'est-ce qu'un cookie ?<br>\n<\/span><\/h3>\t\t\t\t<\/div>\n\t\t\t\t<\/div>\n\t\t\t\t<div class=\"elementor-element elementor-element-1c6e331 elementor-widget elementor-widget-text-editor\" data-id=\"1c6e331\" data-element_type=\"widget\" data-e-type=\"widget\" data-widget_type=\"text-editor.default\">\n\t\t\t\t<div class=\"elementor-widget-container\">\n\t\t\t\t\t\t\t\t\t<p>La politique en mati\u00e8re de cookies explique ce que sont les cookies et comment nous les utilisons, les types de cookies que nous utilisons, c&rsquo;est-\u00e0-dire les informations que nous recueillons \u00e0 l&rsquo;aide des cookies et la mani\u00e8re dont ces informations sont utilis\u00e9es, ainsi que la mani\u00e8re de g\u00e9rer les param\u00e8tres des cookies.<\/p>\n<p>Les cookies sont de petits fichiers texte utilis\u00e9s pour stocker de petits \u00e9l\u00e9ments d&rsquo;information. Ils sont stock\u00e9s sur votre appareil lorsque le site web est charg\u00e9 sur votre navigateur. Ces cookies nous aident \u00e0 faire fonctionner le site web correctement, \u00e0 le rendre plus s\u00fbr, \u00e0 offrir une meilleure exp\u00e9rience \u00e0 l&rsquo;utilisateur, \u00e0 comprendre comment le site web fonctionne et \u00e0 analyser ce qui fonctionne et ce qui doit \u00eatre am\u00e9lior\u00e9.<\/p>\n\t\t\t\t\t\t\t\t<\/div>\n\t\t\t\t<\/div>\n\t\t\t\t<div class=\"elementor-element elementor-element-e1db39b grve-elementor-align-left elementor-widget elementor-widget-impeka_title\" data-id=\"e1db39b\" data-element_type=\"widget\" data-e-type=\"widget\" data-widget_type=\"impeka_title.default\">\n\t\t\t\t<div class=\"elementor-widget-container\">\n\t\t\t\t\t<h3 class=\"grve-element grve-title grve-h4\"><span>Comment utilisons-nous les cookies ?<br>\n<\/span><\/h3>\t\t\t\t<\/div>\n\t\t\t\t<\/div>\n\t\t\t\t<div class=\"elementor-element elementor-element-e40b70d elementor-widget elementor-widget-text-editor\" data-id=\"e40b70d\" data-element_type=\"widget\" data-e-type=\"widget\" data-widget_type=\"text-editor.default\">\n\t\t\t\t<div class=\"elementor-widget-container\">\n\t\t\t\t\t\t\t\t\t<p>Comme la plupart des services en ligne, notre site web utilise des cookies de premi\u00e8re et de tierce partie \u00e0 plusieurs fins. Les cookies de premi\u00e8re partie sont essentiellement n\u00e9cessaires au bon fonctionnement du site web et ne collectent aucune de vos donn\u00e9es personnelles identifiables.<\/p>\n<p>Les cookies tiers utilis\u00e9s sur notre site web servent principalement \u00e0 comprendre comment le site web fonctionne, comment vous interagissez avec notre site web, \u00e0 assurer la s\u00e9curit\u00e9 de nos services, \u00e0 fournir des publicit\u00e9s pertinentes pour vous et, dans l&rsquo;ensemble, \u00e0 vous offrir une exp\u00e9rience utilisateur meilleure et am\u00e9lior\u00e9e et \u00e0 acc\u00e9l\u00e9rer vos interactions futures avec notre site web.<\/p>\n\t\t\t\t\t\t\t\t<\/div>\n\t\t\t\t<\/div>\n\t\t\t\t<div class=\"elementor-element elementor-element-12ffc6e grve-elementor-align-left elementor-widget elementor-widget-impeka_title\" data-id=\"12ffc6e\" data-element_type=\"widget\" data-e-type=\"widget\" data-widget_type=\"impeka_title.default\">\n\t\t\t\t<div class=\"elementor-widget-container\">\n\t\t\t\t\t<h3 class=\"grve-element grve-title grve-h4\"><span>Types de cookies que nous utilisons<br>\n<\/span><\/h3>\t\t\t\t<\/div>\n\t\t\t\t<\/div>\n\t\t\t\t<div class=\"elementor-element elementor-element-cd2affd elementor-widget elementor-widget-html\" data-id=\"cd2affd\" data-element_type=\"widget\" data-e-type=\"widget\" data-widget_type=\"html.default\">\n\t\t\t\t<div class=\"elementor-widget-container\">\n\t\t\t\t\t<div class=\"cky-audit-table-element\"><\/div>\t\t\t\t<\/div>\n\t\t\t\t<\/div>\n\t\t\t\t<div class=\"elementor-element elementor-element-7632276 grve-elementor-align-left elementor-widget elementor-widget-impeka_title\" data-id=\"7632276\" data-element_type=\"widget\" data-e-type=\"widget\" data-widget_type=\"impeka_title.default\">\n\t\t\t\t<div class=\"elementor-widget-container\">\n\t\t\t\t\t<h3 class=\"grve-element grve-title grve-h4\"><span>G\u00e9rer les pr\u00e9f\u00e9rences relatives aux cookies<br>\n<\/span><\/h3>\t\t\t\t<\/div>\n\t\t\t\t<\/div>\n\t\t\t\t<div class=\"elementor-element elementor-element-408485d grve-elementor-align-left elementor-widget elementor-widget-impeka_button\" data-id=\"408485d\" data-element_type=\"widget\" data-e-type=\"widget\" data-widget_type=\"impeka_button.default\">\n\t\t\t\t<div class=\"elementor-widget-container\">\n\t\t\t\t\t<div class=\"grve-element cky-banner-element\"><a href=\"#\" class=\"grve-btn grve-btn-outline grve-extra-round grve-border-primary-5 grve-bg-hover-primary-5 grve-border-hover-primary-5 grve-text-primary-5 grve-text-hover-white grve-btn-small ##\">\r\n\t\t<span>R\u00e9glages des cookies<\/span>\r\n\t\t\t\t\t\t\t<\/a><\/div>\t\t\t\t<\/div>\n\t\t\t\t<\/div>\n\t\t\t\t<div class=\"elementor-element elementor-element-43431fa elementor-widget elementor-widget-text-editor\" data-id=\"43431fa\" data-element_type=\"widget\" data-e-type=\"widget\" data-widget_type=\"text-editor.default\">\n\t\t\t\t<div class=\"elementor-widget-container\">\n\t\t\t\t\t\t\t\t\t<p>Vous pouvez modifier vos pr\u00e9f\u00e9rences en mati\u00e8re de cookies \u00e0 tout moment en cliquant sur le bouton ci-dessus. Cela vous permettra de revenir sur la banni\u00e8re de consentement aux cookies et de modifier vos pr\u00e9f\u00e9rences ou de retirer votre consentement imm\u00e9diatement.<\/p>\n<p>En outre, les navigateurs proposent des m\u00e9thodes diff\u00e9rentes pour bloquer et supprimer les cookies utilis\u00e9s par les sites web. Vous pouvez modifier les param\u00e8tres de votre navigateur pour bloquer\/supprimer les cookies. Vous trouverez ci-dessous les liens vers les documents d&rsquo;aide qui expliquent comment g\u00e9rer et supprimer les cookies des principaux navigateurs web.<\/p>\n<p>Chrome: <a href=\"https:\/\/support.google.com\/accounts\/answer\/32050?hl=fr\" target=\"_blank\" rel=\"noopener noreferrer nofollow\"><strong>https:\/\/support.google.com\/accounts\/answer\/32050?hl=fr<\/strong><\/a><\/p>\n<p>Safari: <a href=\"https:\/\/support.apple.com\/fr-fr\/guide\/safari\/sfri11471\/mac\" target=\"_blank\" rel=\"noopener noreferrer nofollow\"><strong>https:\/\/support.apple.com\/fr-fr\/guide\/safari\/sfri11471\/mac<\/strong><\/a><\/p>\n<p>Firefox: <strong><a href=\"https:\/\/support.mozilla.org\/fr\/kb\/effacer-cookies-donnees-site-firefox?redirectslug=delete-cookies-remove-info-websites-stored\" target=\"_blank\" rel=\"noopener noreferrer nofollow\">https:\/\/support.mozilla.org\/fr\/kb\/effacer-cookies-donnees-site-firefox?redirectslug=delete-cookies-remove-info-websites-stored<\/a><\/strong><\/p>\n<p>Edge: <strong><a href=\"https:\/\/support.microsoft.com\/fr-fr\/microsoft-edge\/supprimer-les-cookies-dans-microsoft-edge-63947406-40ac-c3b8-57b9-2a946a29ae09\" target=\"_blank\" rel=\"noopener noreferrer nofollow\">https:\/\/support.microsoft.com\/fr-fr\/microsoft-edge\/supprimer-les-cookies-dans-microsoft-edge-63947406-40ac-c3b8-57b9-2a946a29ae09<\/a><\/strong><\/p>\n<p>Si vous utilisez un autre navigateur web, veuillez consulter les documents d&rsquo;assistance officiels de votre navigateur.<\/p>\n\t\t\t\t\t\t\t\t<\/div>\n\t\t\t\t<\/div>\n\t\t\t\t\t<\/div>\n\t\t\t\t<\/div>\n\t\t\t\t\t<\/div>\n\t\t\t\t<\/main>\n\t\t\t\t<\/div>\n\t\t","protected":false},"excerpt":{"rendered":"<p>R\u00e9glages des cookies Qu&rsquo;est-ce qu&rsquo;un cookie ? La politique en mati\u00e8re de cookies explique ce que sont les cookies et comment nous les utilisons, les types de cookies que nous utilisons, c&rsquo;est-\u00e0-dire les informations que nous recueillons \u00e0 l&rsquo;aide des cookies et la mani\u00e8re dont ces informations sont utilis\u00e9es, ainsi que la mani\u00e8re de g\u00e9rer [&hellip;]<\/p>\n","protected":false},"author":1,"featured_media":0,"parent":0,"menu_order":0,"comment_status":"closed","ping_status":"closed","template":"","meta":{"_lmt_disableupdate":"","_lmt_disable":"","footnotes":""},"class_list":["post-31978","page","type-page","status-publish","hentry","grve-entry-item"],"yoast_head":"<title>R\u00e9glages des cookies - Lebi.modelism<\/title>\n<meta name=\"robots\" content=\"index, follow, max-snippet:-1, max-image-preview:large, max-video-preview:-1\" \/>\n<link rel=\"canonical\" href=\"https:\/\/lebi-modelism.com\/fr\/reglages-des-cookies\/\" \/>\n<meta property=\"og:locale\" content=\"fr_FR\" \/>\n<meta property=\"og:type\" content=\"article\" \/>\n<meta property=\"og:title\" content=\"R\u00e9glages des cookies - Lebi.modelism\" \/>\n<meta property=\"og:description\" content=\"R\u00e9glages des cookies Qu&rsquo;est-ce qu&rsquo;un cookie ? La politique en mati\u00e8re de cookies explique ce que sont les cookies et comment nous les utilisons, les types de cookies que nous utilisons, c&rsquo;est-\u00e0-dire les informations que nous recueillons \u00e0 l&rsquo;aide des cookies et la mani\u00e8re dont ces informations sont utilis\u00e9es, ainsi que la mani\u00e8re de g\u00e9rer [&hellip;]\" \/>\n<meta property=\"og:url\" content=\"https:\/\/lebi-modelism.com\/fr\/reglages-des-cookies\/\" \/>\n<meta property=\"og:site_name\" content=\"Lebi.modelism\" \/>\n<meta property=\"article:publisher\" content=\"https:\/\/www.facebook.com\/lebi.modelism\" \/>\n<meta property=\"article:modified_time\" content=\"2024-01-03T22:10:49+00:00\" \/>\n<meta name=\"twitter:card\" content=\"summary_large_image\" \/>\n<meta name=\"twitter:label1\" content=\"Dur\u00e9e de lecture estim\u00e9e\" \/>\n\t<meta name=\"twitter:data1\" content=\"2 minutes\" \/>\n<script type=\"application\/ld+json\" class=\"yoast-schema-graph\">{\"@context\":\"https:\\\/\\\/schema.org\",\"@graph\":[{\"@type\":\"WebPage\",\"@id\":\"https:\\\/\\\/lebi-modelism.com\\\/fr\\\/reglages-des-cookies\\\/\",\"url\":\"https:\\\/\\\/lebi-modelism.com\\\/fr\\\/reglages-des-cookies\\\/\",\"name\":\"R\u00e9glages des cookies - Lebi.modelism\",\"isPartOf\":{\"@id\":\"https:\\\/\\\/lebi-modelism.com\\\/fr\\\/#website\"},\"datePublished\":\"2023-09-18T12:42:14+00:00\",\"dateModified\":\"2024-01-03T22:10:49+00:00\",\"breadcrumb\":{\"@id\":\"https:\\\/\\\/lebi-modelism.com\\\/fr\\\/reglages-des-cookies\\\/#breadcrumb\"},\"inLanguage\":\"fr-FR\",\"potentialAction\":[{\"@type\":\"ReadAction\",\"target\":[\"https:\\\/\\\/lebi-modelism.com\\\/fr\\\/reglages-des-cookies\\\/\"]}]},{\"@type\":\"BreadcrumbList\",\"@id\":\"https:\\\/\\\/lebi-modelism.com\\\/fr\\\/reglages-des-cookies\\\/#breadcrumb\",\"itemListElement\":[{\"@type\":\"ListItem\",\"position\":1,\"name\":\"Home\",\"item\":\"https:\\\/\\\/lebi-modelism.com\\\/fr\\\/\"},{\"@type\":\"ListItem\",\"position\":2,\"name\":\"R\u00e9glages des cookies\"}]},{\"@type\":\"WebSite\",\"@id\":\"https:\\\/\\\/lebi-modelism.com\\\/fr\\\/#website\",\"url\":\"https:\\\/\\\/lebi-modelism.com\\\/fr\\\/\",\"name\":\"Lebi.modelism\",\"description\":\"\",\"publisher\":{\"@id\":\"https:\\\/\\\/lebi-modelism.com\\\/fr\\\/#organization\"},\"potentialAction\":[{\"@type\":\"SearchAction\",\"target\":{\"@type\":\"EntryPoint\",\"urlTemplate\":\"https:\\\/\\\/lebi-modelism.com\\\/fr\\\/?s={search_term_string}\"},\"query-input\":{\"@type\":\"PropertyValueSpecification\",\"valueRequired\":true,\"valueName\":\"search_term_string\"}}],\"inLanguage\":\"fr-FR\"},{\"@type\":\"Organization\",\"@id\":\"https:\\\/\\\/lebi-modelism.com\\\/fr\\\/#organization\",\"name\":\"Lebi Modelism\",\"url\":\"https:\\\/\\\/lebi-modelism.com\\\/fr\\\/\",\"logo\":{\"@type\":\"ImageObject\",\"inLanguage\":\"fr-FR\",\"@id\":\"https:\\\/\\\/lebi-modelism.com\\\/fr\\\/#\\\/schema\\\/logo\\\/image\\\/\",\"url\":\"https:\\\/\\\/lebi-modelism.com\\\/wp-content\\\/uploads\\\/2023\\\/10\\\/logo_lebi_modelism-COLOR.svg\",\"contentUrl\":\"https:\\\/\\\/lebi-modelism.com\\\/wp-content\\\/uploads\\\/2023\\\/10\\\/logo_lebi_modelism-COLOR.svg\",\"width\":379,\"height\":85,\"caption\":\"Lebi Modelism\"},\"image\":{\"@id\":\"https:\\\/\\\/lebi-modelism.com\\\/fr\\\/#\\\/schema\\\/logo\\\/image\\\/\"},\"sameAs\":[\"https:\\\/\\\/www.facebook.com\\\/lebi.modelism\",\"https:\\\/\\\/www.instagram.com\\\/lebimodelism\",\"https:\\\/\\\/www.youtube.com\\\/@LebiModelism\"]}]}<\/script>","yoast_head_json":{"title":"R\u00e9glages des cookies - Lebi.modelism","robots":{"index":"index","follow":"follow","max-snippet":"max-snippet:-1","max-image-preview":"max-image-preview:large","max-video-preview":"max-video-preview:-1"},"canonical":"https:\/\/lebi-modelism.com\/fr\/reglages-des-cookies\/","og_locale":"fr_FR","og_type":"article","og_title":"R\u00e9glages des cookies - Lebi.modelism","og_description":"R\u00e9glages des cookies Qu&rsquo;est-ce qu&rsquo;un cookie ? La politique en mati\u00e8re de cookies explique ce que sont les cookies et comment nous les utilisons, les types de cookies que nous utilisons, c&rsquo;est-\u00e0-dire les informations que nous recueillons \u00e0 l&rsquo;aide des cookies et la mani\u00e8re dont ces informations sont utilis\u00e9es, ainsi que la mani\u00e8re de g\u00e9rer [&hellip;]","og_url":"https:\/\/lebi-modelism.com\/fr\/reglages-des-cookies\/","og_site_name":"Lebi.modelism","article_publisher":"https:\/\/www.facebook.com\/lebi.modelism","article_modified_time":"2024-01-03T22:10:49+00:00","twitter_card":"summary_large_image","twitter_misc":{"Dur\u00e9e de lecture estim\u00e9e":"2 minutes"},"schema":{"@context":"https:\/\/schema.org","@graph":[{"@type":"WebPage","@id":"https:\/\/lebi-modelism.com\/fr\/reglages-des-cookies\/","url":"https:\/\/lebi-modelism.com\/fr\/reglages-des-cookies\/","name":"R\u00e9glages des cookies - Lebi.modelism","isPartOf":{"@id":"https:\/\/lebi-modelism.com\/fr\/#website"},"datePublished":"2023-09-18T12:42:14+00:00","dateModified":"2024-01-03T22:10:49+00:00","breadcrumb":{"@id":"https:\/\/lebi-modelism.com\/fr\/reglages-des-cookies\/#breadcrumb"},"inLanguage":"fr-FR","potentialAction":[{"@type":"ReadAction","target":["https:\/\/lebi-modelism.com\/fr\/reglages-des-cookies\/"]}]},{"@type":"BreadcrumbList","@id":"https:\/\/lebi-modelism.com\/fr\/reglages-des-cookies\/#breadcrumb","itemListElement":[{"@type":"ListItem","position":1,"name":"Home","item":"https:\/\/lebi-modelism.com\/fr\/"},{"@type":"ListItem","position":2,"name":"R\u00e9glages des cookies"}]},{"@type":"WebSite","@id":"https:\/\/lebi-modelism.com\/fr\/#website","url":"https:\/\/lebi-modelism.com\/fr\/","name":"Lebi.modelism","description":"","publisher":{"@id":"https:\/\/lebi-modelism.com\/fr\/#organization"},"potentialAction":[{"@type":"SearchAction","target":{"@type":"EntryPoint","urlTemplate":"https:\/\/lebi-modelism.com\/fr\/?s={search_term_string}"},"query-input":{"@type":"PropertyValueSpecification","valueRequired":true,"valueName":"search_term_string"}}],"inLanguage":"fr-FR"},{"@type":"Organization","@id":"https:\/\/lebi-modelism.com\/fr\/#organization","name":"Lebi Modelism","url":"https:\/\/lebi-modelism.com\/fr\/","logo":{"@type":"ImageObject","inLanguage":"fr-FR","@id":"https:\/\/lebi-modelism.com\/fr\/#\/schema\/logo\/image\/","url":"https:\/\/lebi-modelism.com\/wp-content\/uploads\/2023\/10\/logo_lebi_modelism-COLOR.svg","contentUrl":"https:\/\/lebi-modelism.com\/wp-content\/uploads\/2023\/10\/logo_lebi_modelism-COLOR.svg","width":379,"height":85,"caption":"Lebi Modelism"},"image":{"@id":"https:\/\/lebi-modelism.com\/fr\/#\/schema\/logo\/image\/"},"sameAs":["https:\/\/www.facebook.com\/lebi.modelism","https:\/\/www.instagram.com\/lebimodelism","https:\/\/www.youtube.com\/@LebiModelism"]}]}},"_links":{"self":[{"href":"https:\/\/lebi-modelism.com\/fr\/wp-json\/wp\/v2\/pages\/31978","targetHints":{"allow":["GET"]}}],"collection":[{"href":"https:\/\/lebi-modelism.com\/fr\/wp-json\/wp\/v2\/pages"}],"about":[{"href":"https:\/\/lebi-modelism.com\/fr\/wp-json\/wp\/v2\/types\/page"}],"author":[{"embeddable":true,"href":"https:\/\/lebi-modelism.com\/fr\/wp-json\/wp\/v2\/users\/1"}],"replies":[{"embeddable":true,"href":"https:\/\/lebi-modelism.com\/fr\/wp-json\/wp\/v2\/comments?post=31978"}],"version-history":[{"count":0,"href":"https:\/\/lebi-modelism.com\/fr\/wp-json\/wp\/v2\/pages\/31978\/revisions"}],"wp:attachment":[{"href":"https:\/\/lebi-modelism.com\/fr\/wp-json\/wp\/v2\/media?parent=31978"}],"curies":[{"name":"wp","href":"https:\/\/api.w.org\/{rel}","templated":true}]}}