{"id":31929,"date":"2023-10-10T17:49:35","date_gmt":"2023-10-10T15:49:35","guid":{"rendered":"https:\/\/lebi-modelism.com\/contact\/"},"modified":"2024-01-05T15:31:17","modified_gmt":"2024-01-05T14:31:17","slug":"contact","status":"publish","type":"page","link":"https:\/\/lebi-modelism.com\/fr\/contact\/","title":{"rendered":"Contact"},"content":{"rendered":"\t\t<div data-elementor-type=\"wp-page\" data-elementor-id=\"31929\" class=\"elementor elementor-31929 elementor-29422\" data-elementor-post-type=\"page\">\n\t\t\t\t<section class=\"elementor-element elementor-element-6950c56 e-flex e-con-boxed e-con e-parent\" data-id=\"6950c56\" data-element_type=\"container\" data-e-type=\"container\">\n\t\t\t\t\t<div class=\"e-con-inner\">\n\t\t<div class=\"elementor-element elementor-element-0553d3b e-con-full e-flex e-con e-child\" data-id=\"0553d3b\" data-element_type=\"container\" data-e-type=\"container\">\n\t\t\t\t<div class=\"elementor-element elementor-element-b62fff4 elementor-widget elementor-widget-impeka_title\" data-id=\"b62fff4\" data-element_type=\"widget\" data-e-type=\"widget\" data-widget_type=\"impeka_title.default\">\n\t\t\t\t<div class=\"elementor-widget-container\">\n\t\t\t\t\t<h1 class=\"grve-element grve-title grve-h1\"><span>Envie de nous contacter ?<br>\n<\/span><\/h1>\t\t\t\t<\/div>\n\t\t\t\t<\/div>\n\t\t\t\t<div class=\"elementor-element elementor-element-b86c9bb elementor-widget elementor-widget-text-editor\" data-id=\"b86c9bb\" data-element_type=\"widget\" data-e-type=\"widget\" data-widget_type=\"text-editor.default\">\n\t\t\t\t<div class=\"elementor-widget-container\">\n\t\t\t\t\t\t\t\t\t<p>Si vous rencontrez un probl\u00e8me \u00e0 l\u2019utilisation de notre plateforme ou d\u00e9sirez de nous partager une id\u00e9e pour nous am\u00e9liorer, n\u2019h\u00e9sitez pas \u00e0 nous envoyer un message.<\/p>\n<p><strong>Il faut compter au minimum un d\u00e9lai de 2 \u00e0 3 jours ouvrables pour avoir une r\u00e9ponse de notre part.<\/strong><\/p>\n<p>\u00c0 tr\u00e8s bient\u00f4t !<\/p>\n\t\t\t\t\t\t\t\t<\/div>\n\t\t\t\t<\/div>\n\t\t\t\t<div class=\"elementor-element elementor-element-a01eb91 elementor-align-start elementor-widget__width-initial elementor-icon-list--layout-traditional elementor-list-item-link-full_width elementor-widget elementor-widget-icon-list\" data-id=\"a01eb91\" data-element_type=\"widget\" data-e-type=\"widget\" data-widget_type=\"icon-list.default\">\n\t\t\t\t<div class=\"elementor-widget-container\">\n\t\t\t\t\t\t\t<ul class=\"elementor-icon-list-items\">\n\t\t\t\t\t\t\t<li class=\"elementor-icon-list-item\">\n\t\t\t\t\t\t\t\t\t\t\t<span class=\"elementor-icon-list-icon\">\n\t\t\t\t\t\t\t<i aria-hidden=\"true\" class=\"uic fi-rr-building\"><\/i>\t\t\t\t\t\t<\/span>\n\t\t\t\t\t\t\t\t\t\t<span class=\"elementor-icon-list-text\">Lebi Worldwide SRL<br>Boulevard Bischoffsheim 39, bte 4<br>1000 Bruxelles - Belgique<\/span>\n\t\t\t\t\t\t\t\t\t<\/li>\n\t\t\t\t\t\t\t\t<li class=\"elementor-icon-list-item\">\n\t\t\t\t\t\t\t\t\t\t\t<span class=\"elementor-icon-list-icon\">\n\t\t\t\t\t\t\t<i aria-hidden=\"true\" class=\"uic fi-rr-money-check-edit-alt\"><\/i>\t\t\t\t\t\t<\/span>\n\t\t\t\t\t\t\t\t\t\t<span class=\"elementor-icon-list-text\">TVA BE0644648736<\/span>\n\t\t\t\t\t\t\t\t\t<\/li>\n\t\t\t\t\t\t<\/ul>\n\t\t\t\t\t\t<\/div>\n\t\t\t\t<\/div>\n\t\t\t\t<\/div>\n\t\t<div class=\"elementor-element elementor-element-05a9e8d e-con-full e-flex e-con e-child\" data-id=\"05a9e8d\" data-element_type=\"container\" data-e-type=\"container\">\n\t\t<div class=\"elementor-element elementor-element-5f6743f e-flex e-con-boxed elementor-invisible e-con e-child\" data-id=\"5f6743f\" data-element_type=\"container\" data-e-type=\"container\" data-settings=\"{&quot;animation&quot;:&quot;fadeIn&quot;}\">\n\t\t\t\t\t<div class=\"e-con-inner\">\n\t\t\t\t<div class=\"elementor-element elementor-element-4794ee9 elementor-widget elementor-widget-impeka_custom_contact_form\" data-id=\"4794ee9\" data-element_type=\"widget\" data-e-type=\"widget\" data-widget_type=\"impeka_custom_contact_form.default\">\n\t\t\t\t<div class=\"elementor-widget-container\">\n\t\t\t\t\t<div class=\"grve-element grve-contact-form grve-small-text grve-form-btn-simple grve-form-btn-extra-round grve-form-btn-bg-primary-1 grve-form-btn-bg-hover-black grve-form-btn-medium grve-form-round grve-form-input-border-type-solid grve-form-input-border-primary-2 grve-form-input-focus-border-primary-6 grve-form-input-text-black grve-form-input-placeholder-primary-6 grve-form-input-bg-transparent grve-form-round\">\n<div class=\"wpcf7 no-js\" id=\"wpcf7-f31981-o1\" lang=\"fr-FR\" dir=\"ltr\" data-wpcf7-id=\"31981\">\n<div class=\"screen-reader-response\"><p role=\"status\" aria-live=\"polite\" aria-atomic=\"true\"><\/p> <ul><\/ul><\/div>\n<form action=\"\/fr\/wp-json\/wp\/v2\/pages\/31929#wpcf7-f31981-o1\" method=\"post\" class=\"wpcf7-form init\" aria-label=\"Formulaire de contact\" novalidate=\"novalidate\" data-status=\"init\">\n<fieldset class=\"hidden-fields-container\"><input type=\"hidden\" name=\"_wpcf7\" value=\"31981\" \/><input type=\"hidden\" name=\"_wpcf7_version\" value=\"6.1.5\" \/><input type=\"hidden\" name=\"_wpcf7_locale\" value=\"fr_FR\" \/><input type=\"hidden\" name=\"_wpcf7_unit_tag\" value=\"wpcf7-f31981-o1\" \/><input type=\"hidden\" name=\"_wpcf7_container_post\" value=\"0\" \/><input type=\"hidden\" name=\"_wpcf7_posted_data_hash\" value=\"\" \/><input type=\"hidden\" name=\"_wpcf7_recaptcha_response\" value=\"\" \/>\n<\/fieldset>\n<p>\n<label>Votre nom<\/label>\n<span class=\"wpcf7-form-control-wrap\" data-name=\"your-name\"><input size=\"40\" maxlength=\"400\" class=\"wpcf7-form-control wpcf7-text wpcf7-validates-as-required\" autocomplete=\"name\" aria-required=\"true\" aria-invalid=\"false\" value=\"Nom\/Pr\u00e9nom\" type=\"text\" name=\"your-name\" \/><\/span>\n<\/p>\n<p>\n<label>Votre email<\/label>\n<span class=\"wpcf7-form-control-wrap\" data-name=\"your-email\"><input size=\"40\" maxlength=\"400\" class=\"wpcf7-form-control wpcf7-email wpcf7-validates-as-required wpcf7-text wpcf7-validates-as-email\" autocomplete=\"email\" aria-required=\"true\" aria-invalid=\"false\" value=\"\" type=\"email\" name=\"your-email\" \/><\/span> \n<\/p>\n<p>\n<label>Sujet<\/label>\n<span class=\"wpcf7-form-control-wrap\" data-name=\"your-subject\"><input size=\"40\" maxlength=\"400\" class=\"wpcf7-form-control wpcf7-text wpcf7-validates-as-required\" aria-required=\"true\" aria-invalid=\"false\" value=\"\" type=\"text\" name=\"your-subject\" \/><\/span>\n<\/p>\n<p>\n<label>Votre message<\/label>\n<span class=\"wpcf7-form-control-wrap\" data-name=\"your-message\"><textarea cols=\"40\" rows=\"10\" maxlength=\"2000\" class=\"wpcf7-form-control wpcf7-textarea wpcf7-validates-as-required\" aria-required=\"true\" aria-invalid=\"false\" name=\"your-message\"><\/textarea><\/span>\n<\/p>\n<p>\n<span class=\"wpcf7-form-control-wrap\" data-name=\"acceptance-305\"><span class=\"wpcf7-form-control wpcf7-acceptance\"><span class=\"wpcf7-list-item\"><label><input type=\"checkbox\" name=\"acceptance-305\" value=\"1\" aria-invalid=\"false\" \/><span class=\"wpcf7-list-item-label\">J'accepte que \"Lebi.modelism\" utilise mes donn\u00e9es personnelles conform\u00e9ment \u00e0 sa politique de confidentialit\u00e9.<\/span><\/label><\/span><\/span><\/span>\n<\/p>\n<input class=\"wpcf7-form-control wpcf7-submit has-spinner\" type=\"submit\" value=\"Envoyer\" \/><div class=\"wpcf7-response-output\" aria-hidden=\"true\"><\/div>\n<\/form>\n<\/div>\n<\/div>\t\t\t\t<\/div>\n\t\t\t\t<\/div>\n\t\t\t\t\t<\/div>\n\t\t\t\t<\/div>\n\t\t\t\t<\/div>\n\t\t\t\t\t<\/div>\n\t\t\t\t<\/section>\n\t\t\t\t<\/div>\n\t\t","protected":false},"excerpt":{"rendered":"<p>Envie de nous contacter ? Si vous rencontrez un probl\u00e8me \u00e0 l\u2019utilisation de notre plateforme ou d\u00e9sirez de nous partager une id\u00e9e pour nous am\u00e9liorer, n\u2019h\u00e9sitez pas \u00e0 nous envoyer un message. Il faut compter au minimum un d\u00e9lai de 2 \u00e0 3 jours ouvrables pour avoir une r\u00e9ponse de notre part. \u00c0 tr\u00e8s bient\u00f4t [&hellip;]<\/p>\n","protected":false},"author":1,"featured_media":0,"parent":0,"menu_order":0,"comment_status":"closed","ping_status":"closed","template":"","meta":{"_lmt_disableupdate":"","_lmt_disable":"","footnotes":""},"class_list":["post-31929","page","type-page","status-publish","hentry","grve-entry-item"],"yoast_head":"<title>Contact - Lebi.modelism<\/title>\n<meta name=\"robots\" content=\"index, follow, max-snippet:-1, max-image-preview:large, max-video-preview:-1\" \/>\n<link rel=\"canonical\" href=\"https:\/\/lebi-modelism.com\/fr\/contact\/\" \/>\n<meta property=\"og:locale\" content=\"fr_FR\" \/>\n<meta property=\"og:type\" content=\"article\" \/>\n<meta property=\"og:title\" content=\"Contact - Lebi.modelism\" \/>\n<meta property=\"og:description\" content=\"Envie de nous contacter ? Si vous rencontrez un probl\u00e8me \u00e0 l\u2019utilisation de notre plateforme ou d\u00e9sirez de nous partager une id\u00e9e pour nous am\u00e9liorer, n\u2019h\u00e9sitez pas \u00e0 nous envoyer un message. Il faut compter au minimum un d\u00e9lai de 2 \u00e0 3 jours ouvrables pour avoir une r\u00e9ponse de notre part. \u00c0 tr\u00e8s bient\u00f4t [&hellip;]\" \/>\n<meta property=\"og:url\" content=\"https:\/\/lebi-modelism.com\/fr\/contact\/\" \/>\n<meta property=\"og:site_name\" content=\"Lebi.modelism\" \/>\n<meta property=\"article:publisher\" content=\"https:\/\/www.facebook.com\/lebi.modelism\" \/>\n<meta property=\"article:modified_time\" content=\"2024-01-05T14:31:17+00:00\" \/>\n<meta name=\"twitter:card\" content=\"summary_large_image\" \/>\n<script type=\"application\/ld+json\" class=\"yoast-schema-graph\">{\"@context\":\"https:\\\/\\\/schema.org\",\"@graph\":[{\"@type\":\"WebPage\",\"@id\":\"https:\\\/\\\/lebi-modelism.com\\\/fr\\\/contact\\\/\",\"url\":\"https:\\\/\\\/lebi-modelism.com\\\/fr\\\/contact\\\/\",\"name\":\"Contact - Lebi.modelism\",\"isPartOf\":{\"@id\":\"https:\\\/\\\/lebi-modelism.com\\\/fr\\\/#website\"},\"datePublished\":\"2023-10-10T15:49:35+00:00\",\"dateModified\":\"2024-01-05T14:31:17+00:00\",\"breadcrumb\":{\"@id\":\"https:\\\/\\\/lebi-modelism.com\\\/fr\\\/contact\\\/#breadcrumb\"},\"inLanguage\":\"fr-FR\",\"potentialAction\":[{\"@type\":\"ReadAction\",\"target\":[\"https:\\\/\\\/lebi-modelism.com\\\/fr\\\/contact\\\/\"]}]},{\"@type\":\"BreadcrumbList\",\"@id\":\"https:\\\/\\\/lebi-modelism.com\\\/fr\\\/contact\\\/#breadcrumb\",\"itemListElement\":[{\"@type\":\"ListItem\",\"position\":1,\"name\":\"Home\",\"item\":\"https:\\\/\\\/lebi-modelism.com\\\/fr\\\/\"},{\"@type\":\"ListItem\",\"position\":2,\"name\":\"Contact\"}]},{\"@type\":\"WebSite\",\"@id\":\"https:\\\/\\\/lebi-modelism.com\\\/fr\\\/#website\",\"url\":\"https:\\\/\\\/lebi-modelism.com\\\/fr\\\/\",\"name\":\"Lebi.modelism\",\"description\":\"\",\"publisher\":{\"@id\":\"https:\\\/\\\/lebi-modelism.com\\\/fr\\\/#organization\"},\"potentialAction\":[{\"@type\":\"SearchAction\",\"target\":{\"@type\":\"EntryPoint\",\"urlTemplate\":\"https:\\\/\\\/lebi-modelism.com\\\/fr\\\/?s={search_term_string}\"},\"query-input\":{\"@type\":\"PropertyValueSpecification\",\"valueRequired\":true,\"valueName\":\"search_term_string\"}}],\"inLanguage\":\"fr-FR\"},{\"@type\":\"Organization\",\"@id\":\"https:\\\/\\\/lebi-modelism.com\\\/fr\\\/#organization\",\"name\":\"Lebi Modelism\",\"url\":\"https:\\\/\\\/lebi-modelism.com\\\/fr\\\/\",\"logo\":{\"@type\":\"ImageObject\",\"inLanguage\":\"fr-FR\",\"@id\":\"https:\\\/\\\/lebi-modelism.com\\\/fr\\\/#\\\/schema\\\/logo\\\/image\\\/\",\"url\":\"https:\\\/\\\/lebi-modelism.com\\\/wp-content\\\/uploads\\\/2023\\\/10\\\/logo_lebi_modelism-COLOR.svg\",\"contentUrl\":\"https:\\\/\\\/lebi-modelism.com\\\/wp-content\\\/uploads\\\/2023\\\/10\\\/logo_lebi_modelism-COLOR.svg\",\"width\":379,\"height\":85,\"caption\":\"Lebi Modelism\"},\"image\":{\"@id\":\"https:\\\/\\\/lebi-modelism.com\\\/fr\\\/#\\\/schema\\\/logo\\\/image\\\/\"},\"sameAs\":[\"https:\\\/\\\/www.facebook.com\\\/lebi.modelism\",\"https:\\\/\\\/www.instagram.com\\\/lebimodelism\",\"https:\\\/\\\/www.youtube.com\\\/@LebiModelism\"]}]}<\/script>","yoast_head_json":{"title":"Contact - Lebi.modelism","robots":{"index":"index","follow":"follow","max-snippet":"max-snippet:-1","max-image-preview":"max-image-preview:large","max-video-preview":"max-video-preview:-1"},"canonical":"https:\/\/lebi-modelism.com\/fr\/contact\/","og_locale":"fr_FR","og_type":"article","og_title":"Contact - Lebi.modelism","og_description":"Envie de nous contacter ? Si vous rencontrez un probl\u00e8me \u00e0 l\u2019utilisation de notre plateforme ou d\u00e9sirez de nous partager une id\u00e9e pour nous am\u00e9liorer, n\u2019h\u00e9sitez pas \u00e0 nous envoyer un message. Il faut compter au minimum un d\u00e9lai de 2 \u00e0 3 jours ouvrables pour avoir une r\u00e9ponse de notre part. \u00c0 tr\u00e8s bient\u00f4t [&hellip;]","og_url":"https:\/\/lebi-modelism.com\/fr\/contact\/","og_site_name":"Lebi.modelism","article_publisher":"https:\/\/www.facebook.com\/lebi.modelism","article_modified_time":"2024-01-05T14:31:17+00:00","twitter_card":"summary_large_image","schema":{"@context":"https:\/\/schema.org","@graph":[{"@type":"WebPage","@id":"https:\/\/lebi-modelism.com\/fr\/contact\/","url":"https:\/\/lebi-modelism.com\/fr\/contact\/","name":"Contact - Lebi.modelism","isPartOf":{"@id":"https:\/\/lebi-modelism.com\/fr\/#website"},"datePublished":"2023-10-10T15:49:35+00:00","dateModified":"2024-01-05T14:31:17+00:00","breadcrumb":{"@id":"https:\/\/lebi-modelism.com\/fr\/contact\/#breadcrumb"},"inLanguage":"fr-FR","potentialAction":[{"@type":"ReadAction","target":["https:\/\/lebi-modelism.com\/fr\/contact\/"]}]},{"@type":"BreadcrumbList","@id":"https:\/\/lebi-modelism.com\/fr\/contact\/#breadcrumb","itemListElement":[{"@type":"ListItem","position":1,"name":"Home","item":"https:\/\/lebi-modelism.com\/fr\/"},{"@type":"ListItem","position":2,"name":"Contact"}]},{"@type":"WebSite","@id":"https:\/\/lebi-modelism.com\/fr\/#website","url":"https:\/\/lebi-modelism.com\/fr\/","name":"Lebi.modelism","description":"","publisher":{"@id":"https:\/\/lebi-modelism.com\/fr\/#organization"},"potentialAction":[{"@type":"SearchAction","target":{"@type":"EntryPoint","urlTemplate":"https:\/\/lebi-modelism.com\/fr\/?s={search_term_string}"},"query-input":{"@type":"PropertyValueSpecification","valueRequired":true,"valueName":"search_term_string"}}],"inLanguage":"fr-FR"},{"@type":"Organization","@id":"https:\/\/lebi-modelism.com\/fr\/#organization","name":"Lebi Modelism","url":"https:\/\/lebi-modelism.com\/fr\/","logo":{"@type":"ImageObject","inLanguage":"fr-FR","@id":"https:\/\/lebi-modelism.com\/fr\/#\/schema\/logo\/image\/","url":"https:\/\/lebi-modelism.com\/wp-content\/uploads\/2023\/10\/logo_lebi_modelism-COLOR.svg","contentUrl":"https:\/\/lebi-modelism.com\/wp-content\/uploads\/2023\/10\/logo_lebi_modelism-COLOR.svg","width":379,"height":85,"caption":"Lebi Modelism"},"image":{"@id":"https:\/\/lebi-modelism.com\/fr\/#\/schema\/logo\/image\/"},"sameAs":["https:\/\/www.facebook.com\/lebi.modelism","https:\/\/www.instagram.com\/lebimodelism","https:\/\/www.youtube.com\/@LebiModelism"]}]}},"_links":{"self":[{"href":"https:\/\/lebi-modelism.com\/fr\/wp-json\/wp\/v2\/pages\/31929","targetHints":{"allow":["GET"]}}],"collection":[{"href":"https:\/\/lebi-modelism.com\/fr\/wp-json\/wp\/v2\/pages"}],"about":[{"href":"https:\/\/lebi-modelism.com\/fr\/wp-json\/wp\/v2\/types\/page"}],"author":[{"embeddable":true,"href":"https:\/\/lebi-modelism.com\/fr\/wp-json\/wp\/v2\/users\/1"}],"replies":[{"embeddable":true,"href":"https:\/\/lebi-modelism.com\/fr\/wp-json\/wp\/v2\/comments?post=31929"}],"version-history":[{"count":0,"href":"https:\/\/lebi-modelism.com\/fr\/wp-json\/wp\/v2\/pages\/31929\/revisions"}],"wp:attachment":[{"href":"https:\/\/lebi-modelism.com\/fr\/wp-json\/wp\/v2\/media?parent=31929"}],"curies":[{"name":"wp","href":"https:\/\/api.w.org\/{rel}","templated":true}]}}