{"id":31910,"date":"2023-10-14T14:51:35","date_gmt":"2023-10-14T12:51:35","guid":{"rendered":"https:\/\/lebi-modelism.com\/a-propos\/"},"modified":"2024-01-05T16:51:42","modified_gmt":"2024-01-05T15:51:42","slug":"a-propos","status":"publish","type":"page","link":"https:\/\/lebi-modelism.com\/fr\/a-propos\/","title":{"rendered":"\u00c0 propos"},"content":{"rendered":"\t\t<div data-elementor-type=\"wp-page\" data-elementor-id=\"31910\" class=\"elementor elementor-31910 elementor-29662\" data-elementor-post-type=\"page\">\n\t\t\t\t<section class=\"elementor-element elementor-element-fb39887 e-flex e-con-boxed e-con e-parent\" data-id=\"fb39887\" data-element_type=\"container\" data-e-type=\"container\">\n\t\t\t\t\t<div class=\"e-con-inner\">\n\t\t<div class=\"elementor-element elementor-element-db10542 e-con-full e-flex e-con e-child\" data-id=\"db10542\" data-element_type=\"container\" data-e-type=\"container\">\n\t\t\t\t<div class=\"elementor-element elementor-element-7b5e8e0 elementor-widget elementor-widget-impeka_title\" data-id=\"7b5e8e0\" data-element_type=\"widget\" data-e-type=\"widget\" data-widget_type=\"impeka_title.default\">\n\t\t\t\t<div class=\"elementor-widget-container\">\n\t\t\t\t\t<h1 class=\"grve-element grve-title grve-h1\"><span>Notre histoire<br>\n<\/span><\/h1>\t\t\t\t<\/div>\n\t\t\t\t<\/div>\n\t\t\t\t<div class=\"elementor-element elementor-element-bef68e5 grve-elementor-align--tabletcenter grve-elementor-align-left elementor-widget elementor-widget-impeka_title\" data-id=\"bef68e5\" data-element_type=\"widget\" data-e-type=\"widget\" data-widget_type=\"impeka_title.default\">\n\t\t\t\t<div class=\"elementor-widget-container\">\n\t\t\t\t\t<h3 class=\"grve-element grve-title grve-h5\"><span>Tout est venu durant la pand\u00e9mie du COVID !<br>\n<\/span><\/h3>\t\t\t\t<\/div>\n\t\t\t\t<\/div>\n\t\t\t\t<div class=\"elementor-element elementor-element-cf597dd elementor-widget elementor-widget-text-editor\" data-id=\"cf597dd\" data-element_type=\"widget\" data-e-type=\"widget\" data-widget_type=\"text-editor.default\">\n\t\t\t\t<div class=\"elementor-widget-container\">\n\t\t\t\t\t\t\t\t\t<p>Avec une collection de 40 locomotives, une centaine de wagons, S\u00e9bastien Debi\u00e8ve (CEO) s\u2019est rendu compte qu\u2019il \u00e9tait temps de dresser un inventaire !<\/p>\n<p>Impossible de se rappeler des adresses digitales allou\u00e9es aux locomotives (adresses manuelles), quand a \u00e9t\u00e9 faite la derni\u00e8re maintenance du mat\u00e9riel, la facture du mat\u00e9riel, le vendeur, etc. <br \/>D\u00e9butant avec un fichier Excel, il s\u2019est tr\u00e8s vite rendu compte que cela tenait d\u2019une \u00ab mission impossible \u00bb \u2026<\/p>\n\t\t\t\t\t\t\t\t<\/div>\n\t\t\t\t<\/div>\n\t\t\t\t<div class=\"elementor-element elementor-element-1811a8f grve-elementor-align-left elementor-widget elementor-widget-impeka_button\" data-id=\"1811a8f\" data-element_type=\"widget\" data-e-type=\"widget\" data-widget_type=\"impeka_button.default\">\n\t\t\t\t<div class=\"elementor-widget-container\">\n\t\t\t\t\t<div class=\"grve-element\"><a href=\"https:\/\/lebi-modelism.com\/fr\/contact\" class=\"grve-btn grve-extra-round grve-bg-grey grve-border-grey grve-bg-hover-primary-5 grve-border-hover-primary-5 grve-text-dark-grey grve-text-hover-white grve-shadow-medium grve-btn-medium\">\r\n\t\t<span>Nous contacter<\/span>\r\n\t\t\t\t\t\t\t<\/a><\/div>\t\t\t\t<\/div>\n\t\t\t\t<\/div>\n\t\t\t\t<\/div>\n\t\t<div class=\"elementor-element elementor-element-5a5fccf e-con-full e-flex e-con e-child\" data-id=\"5a5fccf\" data-element_type=\"container\" data-e-type=\"container\">\n\t\t\t\t<div class=\"elementor-element elementor-element-b7049e9 elementor-widget elementor-widget-image\" data-id=\"b7049e9\" data-element_type=\"widget\" data-e-type=\"widget\" data-widget_type=\"image.default\">\n\t\t\t\t<div class=\"elementor-widget-container\">\n\t\t\t\t\t\t\t\t\t\t\t\t\t\t\t<img fetchpriority=\"high\" decoding=\"async\" width=\"2840\" height=\"2840\" src=\"https:\/\/lebi-modelism.com\/wp-content\/uploads\/2023\/10\/illu-01.svg\" class=\"attachment-large size-large wp-image-30855\" alt=\"\" \/>\t\t\t\t\t\t\t\t\t\t\t\t\t\t\t<\/div>\n\t\t\t\t<\/div>\n\t\t\t\t<\/div>\n\t\t\t\t\t<\/div>\n\t\t\t\t<\/section>\n\t\t<section class=\"elementor-element elementor-element-0964c9c e-flex e-con-boxed e-con e-parent\" data-id=\"0964c9c\" data-element_type=\"container\" data-e-type=\"container\">\n\t\t\t\t\t<div class=\"e-con-inner\">\n\t\t\t\t<div class=\"elementor-element elementor-element-a821f9d elementor-invisible elementor-widget elementor-widget-timeline-widget-addon\" data-id=\"a821f9d\" data-element_type=\"widget\" data-e-type=\"widget\" data-settings=\"{&quot;_animation&quot;:&quot;fadeIn&quot;}\" data-widget_type=\"timeline-widget-addon.default\">\n\t\t\t\t<div class=\"elementor-widget-container\">\n\t\t\t\t\t<!-- ========= Timeline Widget  Addon For Elementor 1.6.24 ========= -->\n<div id=\"twae-wrapper-a821f9d\" class=\"twae-wrapper twae-horizontal-timeline\">\n<div class=\"twae-wrapper-inside\">\n <div id=\"twae-slider-container-a821f9d\" data-dir=\"\" data-slidestoshow=\"3\" data-autoplay=\"false\" data-auto-height=\"true\" class=\"twae-slider-container swiper-container\">\n <div  class=\"twae-slider-wrapper swiper-wrapper no-height\"><!-- Start of Story Repeater Content --><div id=\"twae-article-2a5b83b\" class=\"twae-repeater-item twae-story swiper-slide twae-story-no-icon\"><!-- Story Year Label --><div class=\"twae-year twae-year-container story-year-2a5b83b\">\n\t\t\t\t\t<div class=\"twae-year-label twae-year-text\">2021<\/div>\n\t\t\t\t<\/div><!-- Story Label --><div class=\"twae-labels\"><div class=\"twae-label-big\">F\u00e9vrier<\/div><\/div><!-- Story Icon Dot --><div class=\"twae-icondot\"><\/div><!-- Story Arrow --><div class=\"twae-arrow\"><\/div><!-- Start of Story Content --><div class=\"twae-content\"><!-- Story Description --><div class=\"twae-description\"><p>D\u00e9but de la conception d\u2019un cahier des charges pour concevoir la plateforme de r\u00eave, facile \u00e0 utiliser et intuitive pour tous (pour les grands et les petits !). Apr\u00e8s un sondage sur diff\u00e9rents forums, le cahier des charges est boucl\u00e9 !<\/p>\n<\/div><\/div><\/div><!-- Start of Story Repeater Content --><div id=\"twae-article-de258f7\" class=\"twae-repeater-item twae-story swiper-slide twae-story-no-icon\"><!-- Story Year Label --><div class=\"twae-year twae-year-container story-year-de258f7\">\n\t\t\t\t\t<div class=\"twae-year-label twae-year-text\">2023<\/div>\n\t\t\t\t<\/div><!-- Story Label --><div class=\"twae-labels\"><div class=\"twae-label-big twae-label-big\">Janvier<\/div><\/div><!-- Story Icon Dot --><div class=\"twae-icondot\"><\/div><!-- Story Arrow --><div class=\"twae-arrow\"><\/div><!-- Start of Story Content --><div class=\"twae-content\"><!-- Story Description --><div class=\"twae-description twae-description\"><p>S\u00e9bastien fait ensuite appel \u00e0 son fr\u00e8re Bruno afin de concevoir le design sur base du cahier des charges. La cr\u00e9ation du design n\u00e9cessitera 8 mois. Car, oui, S\u00e9bastien et Bruno sont tr\u00e8s m\u00e9ticuleux sur le design, la facilit\u00e9 des actions et l\u2019exp\u00e9rience utilisateur (apr\u00e8s tout, c\u2019est leur m\u00e9tier !). Et ils imaginent leurs oncles utiliser la plateforme (ayant eux aussi une collection de trains miniatures !)<\/p>\n<\/div><\/div><\/div><!-- Start of Story Repeater Content --><div id=\"twae-article-769ccc7\" class=\"twae-repeater-item twae-story swiper-slide twae-story-no-icon\"><!-- Story Label --><div class=\"twae-labels\"><div class=\"twae-label-big twae-label-big twae-label-big\">Ao\u00fbt<\/div><\/div><!-- Story Icon Dot --><div class=\"twae-icondot\"><\/div><!-- Story Arrow --><div class=\"twae-arrow\"><\/div><!-- Start of Story Content --><div class=\"twae-content\"><!-- Story Description --><div class=\"twae-description twae-description twae-description\"><p>Apr\u00e8s le design, vient ensuite une longue recherche d\u2019un prestataire pouvant convenir \u00e0 notre plateforme. Un cahier des charges tr\u00e8s pr\u00e9cis est r\u00e9alis\u00e9 pour que cela soit un h\u00e9bergeur \u00e9tant le plus \u00ab vert \u00bb ! Car tout ce qui est dans le cloud pollue notre environnement (invisible, et pourtant ...). Apr\u00e8s 1 mois, nous avons trouv\u00e9 un prestataire qui r\u00e9pondait \u00e0 tous nos crit\u00e8res en mati\u00e8re de compensation sur les \u00e9missions de CO2, qui fait appel \u00e0 de l\u2019\u00e9nergie verte et qui cr\u00e9e aussi de l\u2019\u00e9nergie verte !<\/p>\n<\/div><\/div><\/div><!-- Start of Story Repeater Content --><div id=\"twae-article-a407c36\" class=\"twae-repeater-item twae-story swiper-slide twae-story-no-icon\"><!-- Story Label --><div class=\"twae-labels\"><div class=\"twae-label-big twae-label-big twae-label-big twae-label-big\">Septembre<\/div><\/div><!-- Story Icon Dot --><div class=\"twae-icondot\"><\/div><!-- Story Arrow --><div class=\"twae-arrow\"><\/div><!-- Start of Story Content --><div class=\"twae-content\"><!-- Story Description --><div class=\"twae-description twae-description twae-description twae-description\"><p>Le d\u00e9veloppement pur et dur d\u00e9butera et n\u00e9cessitera 3 mois. L\u2019installation d\u2019une infrastructure ultra s\u00e9curis\u00e9e est d\u2019une importance capitale ! Avec des r\u00e9plications aux 4 coins du monde.<\/p>\n<\/div><\/div><\/div><!-- Start of Story Repeater Content --><div id=\"twae-article-8bfd2a0\" class=\"twae-repeater-item twae-story swiper-slide twae-story-no-icon\"><!-- Story Label --><div class=\"twae-labels\"><div class=\"twae-label-big twae-label-big twae-label-big twae-label-big twae-label-big\">Novembre<\/div><\/div><!-- Story Icon Dot --><div class=\"twae-icondot\"><\/div><!-- Story Arrow --><div class=\"twae-arrow\"><\/div><!-- Start of Story Content --><div class=\"twae-content\"><!-- Story Description --><div class=\"twae-description twae-description twae-description twae-description twae-description\"><p>Une s\u00e9rie intense de tests sont r\u00e9alis\u00e9s avec les diff\u00e9rents prestataires (data center, service des transactions bancaires, etc. \u2026) et approuv\u00e9s par l\u2019\u00e9quipe !<\/p>\n<\/div><\/div><\/div><!-- Start of Story Repeater Content --><div id=\"twae-article-8ced334\" class=\"twae-repeater-item twae-story swiper-slide twae-story-no-icon\"><!-- Story Label --><div class=\"twae-labels\"><div class=\"twae-label-big twae-label-big twae-label-big twae-label-big twae-label-big twae-label-big\">14 D\u00e9cembre<\/div><\/div><!-- Story Icon Dot --><div class=\"twae-icondot\"><\/div><!-- Story Arrow --><div class=\"twae-arrow\"><\/div><!-- Start of Story Content --><div class=\"twae-content\"><!-- Story Description --><div class=\"twae-description twae-description twae-description twae-description twae-description twae-description\"><p>Notre b\u00e9b\u00e9 est n\u00e9 et nous en sommes tr\u00e8s fi\u00e8res ! Nous travaillons d\u00e9j\u00e0 aux nouvelles fonctions sur base des commentaires de nos clients \ud83d\ude42<\/p>\n<\/div><\/div><\/div><\/div><\/div><\/div> <!-- Add Arrows -->\n       <div class=\"twae-button-prev\"><i class=\"fas fa-chevron-left\"><\/i><\/div>\n       <div class=\"twae-button-next\"><i class=\"fas fa-chevron-right\"><\/i><\/div>\n       <div class=\"twae-h-line\"><\/div>\n       <div class=\"twae-line-fill\"><\/div>\n    <\/div><style type=\"text\/css\">@media (max-width: 1024px){ .twae-wrapper{--tw-ybx-size: 75px !important;}}@media (max-width: 767px){ .twae-wrapper{--tw-ybx-size: 75px !important}}<\/style>\t\t\t\t<\/div>\n\t\t\t\t<\/div>\n\t\t\t\t\t<\/div>\n\t\t\t\t<\/section>\n\t\t\t\t<\/div>\n\t\t","protected":false},"excerpt":{"rendered":"<p>Notre histoire Tout est venu durant la pand\u00e9mie du COVID ! Avec une collection de 40 locomotives, une centaine de wagons, S\u00e9bastien Debi\u00e8ve (CEO) s\u2019est rendu compte qu\u2019il \u00e9tait temps de dresser un inventaire ! Impossible de se rappeler des adresses digitales allou\u00e9es aux locomotives (adresses manuelles), quand a \u00e9t\u00e9 faite la derni\u00e8re maintenance du [&hellip;]<\/p>\n","protected":false},"author":1,"featured_media":0,"parent":0,"menu_order":0,"comment_status":"closed","ping_status":"closed","template":"","meta":{"_lmt_disableupdate":"","_lmt_disable":"","footnotes":""},"class_list":["post-31910","page","type-page","status-publish","hentry","grve-entry-item"],"yoast_head":"<title>\u00c0 propos - Lebi.modelism<\/title>\n<meta name=\"robots\" content=\"index, follow, max-snippet:-1, max-image-preview:large, max-video-preview:-1\" \/>\n<link rel=\"canonical\" href=\"https:\/\/lebi-modelism.com\/fr\/a-propos\/\" \/>\n<meta property=\"og:locale\" content=\"fr_FR\" \/>\n<meta property=\"og:type\" content=\"article\" \/>\n<meta property=\"og:title\" content=\"\u00c0 propos - Lebi.modelism\" \/>\n<meta property=\"og:description\" content=\"Notre histoire Tout est venu durant la pand\u00e9mie du COVID ! Avec une collection de 40 locomotives, une centaine de wagons, S\u00e9bastien Debi\u00e8ve (CEO) s\u2019est rendu compte qu\u2019il \u00e9tait temps de dresser un inventaire ! Impossible de se rappeler des adresses digitales allou\u00e9es aux locomotives (adresses manuelles), quand a \u00e9t\u00e9 faite la derni\u00e8re maintenance du [&hellip;]\" \/>\n<meta property=\"og:url\" content=\"https:\/\/lebi-modelism.com\/fr\/a-propos\/\" \/>\n<meta property=\"og:site_name\" content=\"Lebi.modelism\" \/>\n<meta property=\"article:publisher\" content=\"https:\/\/www.facebook.com\/lebi.modelism\" \/>\n<meta property=\"article:modified_time\" content=\"2024-01-05T15:51:42+00:00\" \/>\n<meta property=\"og:image\" content=\"https:\/\/lebi-modelism.com\/wp-content\/uploads\/2023\/10\/illu-01.svg\" \/>\n<meta name=\"twitter:card\" content=\"summary_large_image\" \/>\n<meta name=\"twitter:label1\" content=\"Dur\u00e9e de lecture estim\u00e9e\" \/>\n\t<meta name=\"twitter:data1\" content=\"2 minutes\" \/>\n<script type=\"application\/ld+json\" class=\"yoast-schema-graph\">{\"@context\":\"https:\\\/\\\/schema.org\",\"@graph\":[{\"@type\":\"WebPage\",\"@id\":\"https:\\\/\\\/lebi-modelism.com\\\/fr\\\/a-propos\\\/\",\"url\":\"https:\\\/\\\/lebi-modelism.com\\\/fr\\\/a-propos\\\/\",\"name\":\"\u00c0 propos - Lebi.modelism\",\"isPartOf\":{\"@id\":\"https:\\\/\\\/lebi-modelism.com\\\/fr\\\/#website\"},\"primaryImageOfPage\":{\"@id\":\"https:\\\/\\\/lebi-modelism.com\\\/fr\\\/a-propos\\\/#primaryimage\"},\"image\":{\"@id\":\"https:\\\/\\\/lebi-modelism.com\\\/fr\\\/a-propos\\\/#primaryimage\"},\"thumbnailUrl\":\"https:\\\/\\\/lebi-modelism.com\\\/wp-content\\\/uploads\\\/2023\\\/10\\\/illu-01.svg\",\"datePublished\":\"2023-10-14T12:51:35+00:00\",\"dateModified\":\"2024-01-05T15:51:42+00:00\",\"breadcrumb\":{\"@id\":\"https:\\\/\\\/lebi-modelism.com\\\/fr\\\/a-propos\\\/#breadcrumb\"},\"inLanguage\":\"fr-FR\",\"potentialAction\":[{\"@type\":\"ReadAction\",\"target\":[\"https:\\\/\\\/lebi-modelism.com\\\/fr\\\/a-propos\\\/\"]}]},{\"@type\":\"ImageObject\",\"inLanguage\":\"fr-FR\",\"@id\":\"https:\\\/\\\/lebi-modelism.com\\\/fr\\\/a-propos\\\/#primaryimage\",\"url\":\"https:\\\/\\\/lebi-modelism.com\\\/wp-content\\\/uploads\\\/2023\\\/10\\\/illu-01.svg\",\"contentUrl\":\"https:\\\/\\\/lebi-modelism.com\\\/wp-content\\\/uploads\\\/2023\\\/10\\\/illu-01.svg\"},{\"@type\":\"BreadcrumbList\",\"@id\":\"https:\\\/\\\/lebi-modelism.com\\\/fr\\\/a-propos\\\/#breadcrumb\",\"itemListElement\":[{\"@type\":\"ListItem\",\"position\":1,\"name\":\"Home\",\"item\":\"https:\\\/\\\/lebi-modelism.com\\\/fr\\\/\"},{\"@type\":\"ListItem\",\"position\":2,\"name\":\"\u00c0 propos\"}]},{\"@type\":\"WebSite\",\"@id\":\"https:\\\/\\\/lebi-modelism.com\\\/fr\\\/#website\",\"url\":\"https:\\\/\\\/lebi-modelism.com\\\/fr\\\/\",\"name\":\"Lebi.modelism\",\"description\":\"\",\"publisher\":{\"@id\":\"https:\\\/\\\/lebi-modelism.com\\\/fr\\\/#organization\"},\"potentialAction\":[{\"@type\":\"SearchAction\",\"target\":{\"@type\":\"EntryPoint\",\"urlTemplate\":\"https:\\\/\\\/lebi-modelism.com\\\/fr\\\/?s={search_term_string}\"},\"query-input\":{\"@type\":\"PropertyValueSpecification\",\"valueRequired\":true,\"valueName\":\"search_term_string\"}}],\"inLanguage\":\"fr-FR\"},{\"@type\":\"Organization\",\"@id\":\"https:\\\/\\\/lebi-modelism.com\\\/fr\\\/#organization\",\"name\":\"Lebi Modelism\",\"url\":\"https:\\\/\\\/lebi-modelism.com\\\/fr\\\/\",\"logo\":{\"@type\":\"ImageObject\",\"inLanguage\":\"fr-FR\",\"@id\":\"https:\\\/\\\/lebi-modelism.com\\\/fr\\\/#\\\/schema\\\/logo\\\/image\\\/\",\"url\":\"https:\\\/\\\/lebi-modelism.com\\\/wp-content\\\/uploads\\\/2023\\\/10\\\/logo_lebi_modelism-COLOR.svg\",\"contentUrl\":\"https:\\\/\\\/lebi-modelism.com\\\/wp-content\\\/uploads\\\/2023\\\/10\\\/logo_lebi_modelism-COLOR.svg\",\"width\":379,\"height\":85,\"caption\":\"Lebi Modelism\"},\"image\":{\"@id\":\"https:\\\/\\\/lebi-modelism.com\\\/fr\\\/#\\\/schema\\\/logo\\\/image\\\/\"},\"sameAs\":[\"https:\\\/\\\/www.facebook.com\\\/lebi.modelism\",\"https:\\\/\\\/www.instagram.com\\\/lebimodelism\",\"https:\\\/\\\/www.youtube.com\\\/@LebiModelism\"]}]}<\/script>","yoast_head_json":{"title":"\u00c0 propos - Lebi.modelism","robots":{"index":"index","follow":"follow","max-snippet":"max-snippet:-1","max-image-preview":"max-image-preview:large","max-video-preview":"max-video-preview:-1"},"canonical":"https:\/\/lebi-modelism.com\/fr\/a-propos\/","og_locale":"fr_FR","og_type":"article","og_title":"\u00c0 propos - Lebi.modelism","og_description":"Notre histoire Tout est venu durant la pand\u00e9mie du COVID ! Avec une collection de 40 locomotives, une centaine de wagons, S\u00e9bastien Debi\u00e8ve (CEO) s\u2019est rendu compte qu\u2019il \u00e9tait temps de dresser un inventaire ! Impossible de se rappeler des adresses digitales allou\u00e9es aux locomotives (adresses manuelles), quand a \u00e9t\u00e9 faite la derni\u00e8re maintenance du [&hellip;]","og_url":"https:\/\/lebi-modelism.com\/fr\/a-propos\/","og_site_name":"Lebi.modelism","article_publisher":"https:\/\/www.facebook.com\/lebi.modelism","article_modified_time":"2024-01-05T15:51:42+00:00","og_image":[{"url":"https:\/\/lebi-modelism.com\/wp-content\/uploads\/2023\/10\/illu-01.svg","type":"","width":"","height":""}],"twitter_card":"summary_large_image","twitter_misc":{"Dur\u00e9e de lecture estim\u00e9e":"2 minutes"},"schema":{"@context":"https:\/\/schema.org","@graph":[{"@type":"WebPage","@id":"https:\/\/lebi-modelism.com\/fr\/a-propos\/","url":"https:\/\/lebi-modelism.com\/fr\/a-propos\/","name":"\u00c0 propos - Lebi.modelism","isPartOf":{"@id":"https:\/\/lebi-modelism.com\/fr\/#website"},"primaryImageOfPage":{"@id":"https:\/\/lebi-modelism.com\/fr\/a-propos\/#primaryimage"},"image":{"@id":"https:\/\/lebi-modelism.com\/fr\/a-propos\/#primaryimage"},"thumbnailUrl":"https:\/\/lebi-modelism.com\/wp-content\/uploads\/2023\/10\/illu-01.svg","datePublished":"2023-10-14T12:51:35+00:00","dateModified":"2024-01-05T15:51:42+00:00","breadcrumb":{"@id":"https:\/\/lebi-modelism.com\/fr\/a-propos\/#breadcrumb"},"inLanguage":"fr-FR","potentialAction":[{"@type":"ReadAction","target":["https:\/\/lebi-modelism.com\/fr\/a-propos\/"]}]},{"@type":"ImageObject","inLanguage":"fr-FR","@id":"https:\/\/lebi-modelism.com\/fr\/a-propos\/#primaryimage","url":"https:\/\/lebi-modelism.com\/wp-content\/uploads\/2023\/10\/illu-01.svg","contentUrl":"https:\/\/lebi-modelism.com\/wp-content\/uploads\/2023\/10\/illu-01.svg"},{"@type":"BreadcrumbList","@id":"https:\/\/lebi-modelism.com\/fr\/a-propos\/#breadcrumb","itemListElement":[{"@type":"ListItem","position":1,"name":"Home","item":"https:\/\/lebi-modelism.com\/fr\/"},{"@type":"ListItem","position":2,"name":"\u00c0 propos"}]},{"@type":"WebSite","@id":"https:\/\/lebi-modelism.com\/fr\/#website","url":"https:\/\/lebi-modelism.com\/fr\/","name":"Lebi.modelism","description":"","publisher":{"@id":"https:\/\/lebi-modelism.com\/fr\/#organization"},"potentialAction":[{"@type":"SearchAction","target":{"@type":"EntryPoint","urlTemplate":"https:\/\/lebi-modelism.com\/fr\/?s={search_term_string}"},"query-input":{"@type":"PropertyValueSpecification","valueRequired":true,"valueName":"search_term_string"}}],"inLanguage":"fr-FR"},{"@type":"Organization","@id":"https:\/\/lebi-modelism.com\/fr\/#organization","name":"Lebi Modelism","url":"https:\/\/lebi-modelism.com\/fr\/","logo":{"@type":"ImageObject","inLanguage":"fr-FR","@id":"https:\/\/lebi-modelism.com\/fr\/#\/schema\/logo\/image\/","url":"https:\/\/lebi-modelism.com\/wp-content\/uploads\/2023\/10\/logo_lebi_modelism-COLOR.svg","contentUrl":"https:\/\/lebi-modelism.com\/wp-content\/uploads\/2023\/10\/logo_lebi_modelism-COLOR.svg","width":379,"height":85,"caption":"Lebi Modelism"},"image":{"@id":"https:\/\/lebi-modelism.com\/fr\/#\/schema\/logo\/image\/"},"sameAs":["https:\/\/www.facebook.com\/lebi.modelism","https:\/\/www.instagram.com\/lebimodelism","https:\/\/www.youtube.com\/@LebiModelism"]}]}},"_links":{"self":[{"href":"https:\/\/lebi-modelism.com\/fr\/wp-json\/wp\/v2\/pages\/31910","targetHints":{"allow":["GET"]}}],"collection":[{"href":"https:\/\/lebi-modelism.com\/fr\/wp-json\/wp\/v2\/pages"}],"about":[{"href":"https:\/\/lebi-modelism.com\/fr\/wp-json\/wp\/v2\/types\/page"}],"author":[{"embeddable":true,"href":"https:\/\/lebi-modelism.com\/fr\/wp-json\/wp\/v2\/users\/1"}],"replies":[{"embeddable":true,"href":"https:\/\/lebi-modelism.com\/fr\/wp-json\/wp\/v2\/comments?post=31910"}],"version-history":[{"count":0,"href":"https:\/\/lebi-modelism.com\/fr\/wp-json\/wp\/v2\/pages\/31910\/revisions"}],"wp:attachment":[{"href":"https:\/\/lebi-modelism.com\/fr\/wp-json\/wp\/v2\/media?parent=31910"}],"curies":[{"name":"wp","href":"https:\/\/api.w.org\/{rel}","templated":true}]}}