{"id":32049,"date":"2023-10-14T14:51:35","date_gmt":"2023-10-14T12:51:35","guid":{"rendered":"https:\/\/lebi-modelism.com\/ueber\/"},"modified":"2024-01-05T16:51:42","modified_gmt":"2024-01-05T15:51:42","slug":"ueber","status":"publish","type":"page","link":"https:\/\/lebi-modelism.com\/de\/ueber\/","title":{"rendered":"\u00dcber"},"content":{"rendered":"\t\t<div data-elementor-type=\"wp-page\" data-elementor-id=\"32049\" class=\"elementor elementor-32049 elementor-29662\" data-elementor-post-type=\"page\">\n\t\t\t\t<section class=\"elementor-element elementor-element-fb39887 e-flex e-con-boxed e-con e-parent\" data-id=\"fb39887\" data-element_type=\"container\" data-e-type=\"container\">\n\t\t\t\t\t<div class=\"e-con-inner\">\n\t\t<div class=\"elementor-element elementor-element-db10542 e-con-full e-flex e-con e-child\" data-id=\"db10542\" data-element_type=\"container\" data-e-type=\"container\">\n\t\t\t\t<div class=\"elementor-element elementor-element-7b5e8e0 elementor-widget elementor-widget-impeka_title\" data-id=\"7b5e8e0\" data-element_type=\"widget\" data-e-type=\"widget\" data-widget_type=\"impeka_title.default\">\n\t\t\t\t<div class=\"elementor-widget-container\">\n\t\t\t\t\t<h1 class=\"grve-element grve-title grve-h1\"><span>Unsere Geschichte<br>\n<\/span><\/h1>\t\t\t\t<\/div>\n\t\t\t\t<\/div>\n\t\t\t\t<div class=\"elementor-element elementor-element-bef68e5 grve-elementor-align--tabletcenter grve-elementor-align-left elementor-widget elementor-widget-impeka_title\" data-id=\"bef68e5\" data-element_type=\"widget\" data-e-type=\"widget\" data-widget_type=\"impeka_title.default\">\n\t\t\t\t<div class=\"elementor-widget-container\">\n\t\t\t\t\t<h3 class=\"grve-element grve-title grve-h5\"><span>Unsere Geschichte begann w\u00e4hrend der COVID-Pandemie!<br>\n<\/span><\/h3>\t\t\t\t<\/div>\n\t\t\t\t<\/div>\n\t\t\t\t<div class=\"elementor-element elementor-element-cf597dd elementor-widget elementor-widget-text-editor\" data-id=\"cf597dd\" data-element_type=\"widget\" data-e-type=\"widget\" data-widget_type=\"text-editor.default\">\n\t\t\t\t<div class=\"elementor-widget-container\">\n\t\t\t\t\t\t\t\t\t<p>Da seine Sammlung mittlerweile 40 Lokomotiven und 100 Waggons umfasste, sagte sich S\u00e9bastien Debi\u00e8ve (CEO), dass es Zeit war, ein Inventar anzulegen.<\/p>\n<p>Denn es war ihm nicht mehr m\u00f6glich, den \u00dcberblick \u00fcber die Digital-Adressen seiner Loks, \u00fcber Rechnungen und Verk\u00e4ufer oder die letzte Wartung seiner Ger\u00e4te zu behalten. <br \/>Also begann er damit, eine Excel-Datei anzulegen \u2013 merkte aber schnell, dass diese Vorgehensweise auf eine \u201eMission impossible\u201c hinauslief &#8230;<\/p>\n\t\t\t\t\t\t\t\t<\/div>\n\t\t\t\t<\/div>\n\t\t\t\t<div class=\"elementor-element elementor-element-1811a8f grve-elementor-align-left elementor-widget elementor-widget-impeka_button\" data-id=\"1811a8f\" data-element_type=\"widget\" data-e-type=\"widget\" data-widget_type=\"impeka_button.default\">\n\t\t\t\t<div class=\"elementor-widget-container\">\n\t\t\t\t\t<div class=\"grve-element\"><a href=\"https:\/\/lebi-modelism.com\/de\/kontakt\" class=\"grve-btn grve-extra-round grve-bg-grey grve-border-grey grve-bg-hover-primary-5 grve-border-hover-primary-5 grve-text-dark-grey grve-text-hover-white grve-shadow-medium grve-btn-medium\">\r\n\t\t<span>Kontakt<\/span>\r\n\t\t\t\t\t\t\t<\/a><\/div>\t\t\t\t<\/div>\n\t\t\t\t<\/div>\n\t\t\t\t<\/div>\n\t\t<div class=\"elementor-element elementor-element-5a5fccf e-con-full e-flex e-con e-child\" data-id=\"5a5fccf\" data-element_type=\"container\" data-e-type=\"container\">\n\t\t\t\t<div class=\"elementor-element elementor-element-b7049e9 elementor-widget elementor-widget-image\" data-id=\"b7049e9\" data-element_type=\"widget\" data-e-type=\"widget\" data-widget_type=\"image.default\">\n\t\t\t\t<div class=\"elementor-widget-container\">\n\t\t\t\t\t\t\t\t\t\t\t\t\t\t\t<img fetchpriority=\"high\" decoding=\"async\" width=\"2840\" height=\"2840\" src=\"https:\/\/lebi-modelism.com\/wp-content\/uploads\/2023\/10\/illu-01.svg\" class=\"attachment-large size-large wp-image-30856\" alt=\"\" \/>\t\t\t\t\t\t\t\t\t\t\t\t\t\t\t<\/div>\n\t\t\t\t<\/div>\n\t\t\t\t<\/div>\n\t\t\t\t\t<\/div>\n\t\t\t\t<\/section>\n\t\t<section class=\"elementor-element elementor-element-0964c9c e-flex e-con-boxed e-con e-parent\" data-id=\"0964c9c\" data-element_type=\"container\" data-e-type=\"container\">\n\t\t\t\t\t<div class=\"e-con-inner\">\n\t\t\t\t<div class=\"elementor-element elementor-element-a821f9d elementor-invisible elementor-widget elementor-widget-timeline-widget-addon\" data-id=\"a821f9d\" data-element_type=\"widget\" data-e-type=\"widget\" data-settings=\"{&quot;_animation&quot;:&quot;fadeIn&quot;}\" data-widget_type=\"timeline-widget-addon.default\">\n\t\t\t\t<div class=\"elementor-widget-container\">\n\t\t\t\t\t<!-- ========= Timeline Widget  Addon For Elementor 1.6.24 ========= -->\n<div id=\"twae-wrapper-a821f9d\" class=\"twae-wrapper twae-horizontal-timeline\">\n<div class=\"twae-wrapper-inside\">\n <div id=\"twae-slider-container-a821f9d\" data-dir=\"\" data-slidestoshow=\"3\" data-autoplay=\"false\" data-auto-height=\"true\" class=\"twae-slider-container swiper-container\">\n <div  class=\"twae-slider-wrapper swiper-wrapper no-height\"><!-- Start of Story Repeater Content --><div id=\"twae-article-2a5b83b\" class=\"twae-repeater-item twae-story swiper-slide twae-story-no-icon\"><!-- Story Year Label --><div class=\"twae-year twae-year-container story-year-2a5b83b\">\n\t\t\t\t\t<div class=\"twae-year-label twae-year-text\">2021<\/div>\n\t\t\t\t<\/div><!-- Story Label --><div class=\"twae-labels\"><div class=\"twae-label-big\">Februar<\/div><\/div><!-- Story Icon Dot --><div class=\"twae-icondot\"><\/div><!-- Story Arrow --><div class=\"twae-arrow\"><\/div><!-- Start of Story Content --><div class=\"twae-content\"><!-- Story Description --><div class=\"twae-description\"><p>Beginn der Erstellung eines Lastenhefts, um die perfekte Plattform zu entwerfen, die f\u00fcr alle \u2013 Gro\u00df und Klein! \u2013 einfach und intuitiv zu bedienen ist. ach Umfragen in verschiedenen Foren war klar, welche Anforderungen einflie\u00dfen sollten!<\/p>\n<\/div><\/div><\/div><!-- Start of Story Repeater Content --><div id=\"twae-article-de258f7\" class=\"twae-repeater-item twae-story swiper-slide twae-story-no-icon\"><!-- Story Year Label --><div class=\"twae-year twae-year-container story-year-de258f7\">\n\t\t\t\t\t<div class=\"twae-year-label twae-year-text\">2023<\/div>\n\t\t\t\t<\/div><!-- Story Label --><div class=\"twae-labels\"><div class=\"twae-label-big twae-label-big\">Januar<\/div><\/div><!-- Story Icon Dot --><div class=\"twae-icondot\"><\/div><!-- Story Arrow --><div class=\"twae-arrow\"><\/div><!-- Start of Story Content --><div class=\"twae-content\"><!-- Story Description --><div class=\"twae-description twae-description\"><p>S\u00e9bastien zog seinen Bruder Bruno hinzu, um auf der Grundlage des Lastenhefts das Design der Plattform in Angriff zu nehmen. Das Ausarbeitung des Designs nahm insgesamt acht Monate in Anspruch. Denn S\u00e9bastien und Bruno waren sehr akribisch, was Optik, Bedienung und Benutzererfahrung angeht \u2013 schlie\u00dflich ist das ihr Beruf! Zudem malten sie sich aus, wie ihre Onkel (die ebenfalls Modelleisenbahnen sammeln!) die Plattform verwenden w\u00fcrden.<\/p>\n<\/div><\/div><\/div><!-- Start of Story Repeater Content --><div id=\"twae-article-769ccc7\" class=\"twae-repeater-item twae-story swiper-slide twae-story-no-icon\"><!-- Story Label --><div class=\"twae-labels\"><div class=\"twae-label-big twae-label-big twae-label-big\">August<\/div><\/div><!-- Story Icon Dot --><div class=\"twae-icondot\"><\/div><!-- Story Arrow --><div class=\"twae-arrow\"><\/div><!-- Start of Story Content --><div class=\"twae-content\"><!-- Story Description --><div class=\"twae-description twae-description twae-description\"><p>Auf das Design folgte die lange Suche nach einem f\u00fcr die Plattform geeigneten Anbieter. Dabei wurden sehr genaue Vorgaben gemacht, denn es sollte ein m\u00f6glichst \u201egr\u00fcner\u201c Hoster gew\u00e4hlt werden. Schlie\u00dflich verschmutzt auch die digitale Cloud unsere Umwelt \u2013 auch wenn wir dies nicht sehen! Nach einem Monat war ein Anbieter gefunden, der s\u00e4mtliche Kriterien bez\u00fcglich des Ausgleichs von CO2-Emissionen erf\u00fcllt, gr\u00fcne Energie einsetzt und noch dazu gr\u00fcne Energie erzeugt!<\/p>\n<\/div><\/div><\/div><!-- Start of Story Repeater Content --><div id=\"twae-article-a407c36\" class=\"twae-repeater-item twae-story swiper-slide twae-story-no-icon\"><!-- Story Label --><div class=\"twae-labels\"><div class=\"twae-label-big twae-label-big twae-label-big twae-label-big\">September<\/div><\/div><!-- Story Icon Dot --><div class=\"twae-icondot\"><\/div><!-- Story Arrow --><div class=\"twae-arrow\"><\/div><!-- Start of Story Content --><div class=\"twae-content\"><!-- Story Description --><div class=\"twae-description twae-description twae-description twae-description\"><p>Jetzt begann die reine Entwicklungsarbeit, die insgesamt drei Monate dauerte. Im Mittelpunkt stand dabei die Sicherheit der Infrastruktur, denn diese wird in allen Ecken der Welt pr\u00e4sent sein!<\/p>\n<\/div><\/div><\/div><!-- Start of Story Repeater Content --><div id=\"twae-article-8bfd2a0\" class=\"twae-repeater-item twae-story swiper-slide twae-story-no-icon\"><!-- Story Label --><div class=\"twae-labels\"><div class=\"twae-label-big twae-label-big twae-label-big twae-label-big twae-label-big\">November<\/div><\/div><!-- Story Icon Dot --><div class=\"twae-icondot\"><\/div><!-- Story Arrow --><div class=\"twae-arrow\"><\/div><!-- Start of Story Content --><div class=\"twae-content\"><!-- Story Description --><div class=\"twae-description twae-description twae-description twae-description twae-description\"><p>Die Leistungen der verschiedenen Anbieter (Rechenzentrum, Transaktionsservice usw.) wurden intensiv getestet und vom Team best\u00e4tigt!<\/p>\n<\/div><\/div><\/div><!-- Start of Story Repeater Content --><div id=\"twae-article-8ced334\" class=\"twae-repeater-item twae-story swiper-slide twae-story-no-icon\"><!-- Story Label --><div class=\"twae-labels\"><div class=\"twae-label-big twae-label-big twae-label-big twae-label-big twae-label-big twae-label-big\">14 Dezember<\/div><\/div><!-- Story Icon Dot --><div class=\"twae-icondot\"><\/div><!-- Story Arrow --><div class=\"twae-arrow\"><\/div><!-- Start of Story Content --><div class=\"twae-content\"><!-- Story Description --><div class=\"twae-description twae-description twae-description twae-description twae-description twae-description\"><p>Unser Baby erblickt das Licht der Welt und wir sind unglaublich stolz darauf! Jetzt arbeiten wir an neuen Funktionen auf der Grundlage des Feedbacks unserer Kunden. \ud83d\ude42<\/p>\n<\/div><\/div><\/div><\/div><\/div><\/div> <!-- Add Arrows -->\n       <div class=\"twae-button-prev\"><i class=\"fas fa-chevron-left\"><\/i><\/div>\n       <div class=\"twae-button-next\"><i class=\"fas fa-chevron-right\"><\/i><\/div>\n       <div class=\"twae-h-line\"><\/div>\n       <div class=\"twae-line-fill\"><\/div>\n    <\/div><style type=\"text\/css\">@media (max-width: 1024px){ .twae-wrapper{--tw-ybx-size: 75px !important;}}@media (max-width: 767px){ .twae-wrapper{--tw-ybx-size: 75px !important}}<\/style>\t\t\t\t<\/div>\n\t\t\t\t<\/div>\n\t\t\t\t\t<\/div>\n\t\t\t\t<\/section>\n\t\t\t\t<\/div>\n\t\t","protected":false},"excerpt":{"rendered":"<p>Unsere Geschichte Unsere Geschichte begann w\u00e4hrend der COVID-Pandemie! Da seine Sammlung mittlerweile 40 Lokomotiven und 100 Waggons umfasste, sagte sich S\u00e9bastien Debi\u00e8ve (CEO), dass es Zeit war, ein Inventar anzulegen. Denn es war ihm nicht mehr m\u00f6glich, den \u00dcberblick \u00fcber die Digital-Adressen seiner Loks, \u00fcber Rechnungen und Verk\u00e4ufer oder die letzte Wartung seiner Ger\u00e4te zu [&hellip;]<\/p>\n","protected":false},"author":1,"featured_media":0,"parent":0,"menu_order":0,"comment_status":"closed","ping_status":"closed","template":"","meta":{"_lmt_disableupdate":"","_lmt_disable":"","footnotes":""},"class_list":["post-32049","page","type-page","status-publish","hentry","grve-entry-item"],"yoast_head":"<title>\u00dcber - Lebi.modelism<\/title>\n<meta name=\"robots\" content=\"index, follow, max-snippet:-1, max-image-preview:large, max-video-preview:-1\" \/>\n<link rel=\"canonical\" href=\"https:\/\/lebi-modelism.com\/de\/ueber\/\" \/>\n<meta property=\"og:locale\" content=\"de_DE\" \/>\n<meta property=\"og:type\" content=\"article\" \/>\n<meta property=\"og:title\" content=\"\u00dcber - Lebi.modelism\" \/>\n<meta property=\"og:description\" content=\"Unsere Geschichte Unsere Geschichte begann w\u00e4hrend der COVID-Pandemie! Da seine Sammlung mittlerweile 40 Lokomotiven und 100 Waggons umfasste, sagte sich S\u00e9bastien Debi\u00e8ve (CEO), dass es Zeit war, ein Inventar anzulegen. Denn es war ihm nicht mehr m\u00f6glich, den \u00dcberblick \u00fcber die Digital-Adressen seiner Loks, \u00fcber Rechnungen und Verk\u00e4ufer oder die letzte Wartung seiner Ger\u00e4te zu [&hellip;]\" \/>\n<meta property=\"og:url\" content=\"https:\/\/lebi-modelism.com\/de\/ueber\/\" \/>\n<meta property=\"og:site_name\" content=\"Lebi.modelism\" \/>\n<meta property=\"article:publisher\" content=\"https:\/\/www.facebook.com\/lebi.modelism\" \/>\n<meta property=\"article:modified_time\" content=\"2024-01-05T15:51:42+00:00\" \/>\n<meta property=\"og:image\" content=\"https:\/\/lebi-modelism.com\/wp-content\/uploads\/2023\/10\/illu-01.svg\" \/>\n<meta name=\"twitter:card\" content=\"summary_large_image\" \/>\n<meta name=\"twitter:label1\" content=\"Gesch\u00e4tzte Lesezeit\" \/>\n\t<meta name=\"twitter:data1\" content=\"2\u00a0Minuten\" \/>\n<script type=\"application\/ld+json\" class=\"yoast-schema-graph\">{\"@context\":\"https:\\\/\\\/schema.org\",\"@graph\":[{\"@type\":\"WebPage\",\"@id\":\"https:\\\/\\\/lebi-modelism.com\\\/de\\\/ueber\\\/\",\"url\":\"https:\\\/\\\/lebi-modelism.com\\\/de\\\/ueber\\\/\",\"name\":\"\u00dcber - Lebi.modelism\",\"isPartOf\":{\"@id\":\"https:\\\/\\\/lebi-modelism.com\\\/de\\\/#website\"},\"primaryImageOfPage\":{\"@id\":\"https:\\\/\\\/lebi-modelism.com\\\/de\\\/ueber\\\/#primaryimage\"},\"image\":{\"@id\":\"https:\\\/\\\/lebi-modelism.com\\\/de\\\/ueber\\\/#primaryimage\"},\"thumbnailUrl\":\"https:\\\/\\\/lebi-modelism.com\\\/wp-content\\\/uploads\\\/2023\\\/10\\\/illu-01.svg\",\"datePublished\":\"2023-10-14T12:51:35+00:00\",\"dateModified\":\"2024-01-05T15:51:42+00:00\",\"breadcrumb\":{\"@id\":\"https:\\\/\\\/lebi-modelism.com\\\/de\\\/ueber\\\/#breadcrumb\"},\"inLanguage\":\"de\",\"potentialAction\":[{\"@type\":\"ReadAction\",\"target\":[\"https:\\\/\\\/lebi-modelism.com\\\/de\\\/ueber\\\/\"]}]},{\"@type\":\"ImageObject\",\"inLanguage\":\"de\",\"@id\":\"https:\\\/\\\/lebi-modelism.com\\\/de\\\/ueber\\\/#primaryimage\",\"url\":\"https:\\\/\\\/lebi-modelism.com\\\/wp-content\\\/uploads\\\/2023\\\/10\\\/illu-01.svg\",\"contentUrl\":\"https:\\\/\\\/lebi-modelism.com\\\/wp-content\\\/uploads\\\/2023\\\/10\\\/illu-01.svg\"},{\"@type\":\"BreadcrumbList\",\"@id\":\"https:\\\/\\\/lebi-modelism.com\\\/de\\\/ueber\\\/#breadcrumb\",\"itemListElement\":[{\"@type\":\"ListItem\",\"position\":1,\"name\":\"Home\",\"item\":\"https:\\\/\\\/lebi-modelism.com\\\/de\\\/\"},{\"@type\":\"ListItem\",\"position\":2,\"name\":\"\u00dcber\"}]},{\"@type\":\"WebSite\",\"@id\":\"https:\\\/\\\/lebi-modelism.com\\\/de\\\/#website\",\"url\":\"https:\\\/\\\/lebi-modelism.com\\\/de\\\/\",\"name\":\"Lebi.modelism\",\"description\":\"\",\"publisher\":{\"@id\":\"https:\\\/\\\/lebi-modelism.com\\\/de\\\/#organization\"},\"potentialAction\":[{\"@type\":\"SearchAction\",\"target\":{\"@type\":\"EntryPoint\",\"urlTemplate\":\"https:\\\/\\\/lebi-modelism.com\\\/de\\\/?s={search_term_string}\"},\"query-input\":{\"@type\":\"PropertyValueSpecification\",\"valueRequired\":true,\"valueName\":\"search_term_string\"}}],\"inLanguage\":\"de\"},{\"@type\":\"Organization\",\"@id\":\"https:\\\/\\\/lebi-modelism.com\\\/de\\\/#organization\",\"name\":\"Lebi Modelism\",\"url\":\"https:\\\/\\\/lebi-modelism.com\\\/de\\\/\",\"logo\":{\"@type\":\"ImageObject\",\"inLanguage\":\"de\",\"@id\":\"https:\\\/\\\/lebi-modelism.com\\\/de\\\/#\\\/schema\\\/logo\\\/image\\\/\",\"url\":\"https:\\\/\\\/lebi-modelism.com\\\/wp-content\\\/uploads\\\/2023\\\/10\\\/logo_lebi_modelism-COLOR.svg\",\"contentUrl\":\"https:\\\/\\\/lebi-modelism.com\\\/wp-content\\\/uploads\\\/2023\\\/10\\\/logo_lebi_modelism-COLOR.svg\",\"width\":379,\"height\":85,\"caption\":\"Lebi Modelism\"},\"image\":{\"@id\":\"https:\\\/\\\/lebi-modelism.com\\\/de\\\/#\\\/schema\\\/logo\\\/image\\\/\"},\"sameAs\":[\"https:\\\/\\\/www.facebook.com\\\/lebi.modelism\",\"https:\\\/\\\/www.instagram.com\\\/lebimodelism\",\"https:\\\/\\\/www.youtube.com\\\/@LebiModelism\"]}]}<\/script>","yoast_head_json":{"title":"\u00dcber - Lebi.modelism","robots":{"index":"index","follow":"follow","max-snippet":"max-snippet:-1","max-image-preview":"max-image-preview:large","max-video-preview":"max-video-preview:-1"},"canonical":"https:\/\/lebi-modelism.com\/de\/ueber\/","og_locale":"de_DE","og_type":"article","og_title":"\u00dcber - Lebi.modelism","og_description":"Unsere Geschichte Unsere Geschichte begann w\u00e4hrend der COVID-Pandemie! Da seine Sammlung mittlerweile 40 Lokomotiven und 100 Waggons umfasste, sagte sich S\u00e9bastien Debi\u00e8ve (CEO), dass es Zeit war, ein Inventar anzulegen. Denn es war ihm nicht mehr m\u00f6glich, den \u00dcberblick \u00fcber die Digital-Adressen seiner Loks, \u00fcber Rechnungen und Verk\u00e4ufer oder die letzte Wartung seiner Ger\u00e4te zu [&hellip;]","og_url":"https:\/\/lebi-modelism.com\/de\/ueber\/","og_site_name":"Lebi.modelism","article_publisher":"https:\/\/www.facebook.com\/lebi.modelism","article_modified_time":"2024-01-05T15:51:42+00:00","og_image":[{"url":"https:\/\/lebi-modelism.com\/wp-content\/uploads\/2023\/10\/illu-01.svg","type":"","width":"","height":""}],"twitter_card":"summary_large_image","twitter_misc":{"Gesch\u00e4tzte Lesezeit":"2\u00a0Minuten"},"schema":{"@context":"https:\/\/schema.org","@graph":[{"@type":"WebPage","@id":"https:\/\/lebi-modelism.com\/de\/ueber\/","url":"https:\/\/lebi-modelism.com\/de\/ueber\/","name":"\u00dcber - Lebi.modelism","isPartOf":{"@id":"https:\/\/lebi-modelism.com\/de\/#website"},"primaryImageOfPage":{"@id":"https:\/\/lebi-modelism.com\/de\/ueber\/#primaryimage"},"image":{"@id":"https:\/\/lebi-modelism.com\/de\/ueber\/#primaryimage"},"thumbnailUrl":"https:\/\/lebi-modelism.com\/wp-content\/uploads\/2023\/10\/illu-01.svg","datePublished":"2023-10-14T12:51:35+00:00","dateModified":"2024-01-05T15:51:42+00:00","breadcrumb":{"@id":"https:\/\/lebi-modelism.com\/de\/ueber\/#breadcrumb"},"inLanguage":"de","potentialAction":[{"@type":"ReadAction","target":["https:\/\/lebi-modelism.com\/de\/ueber\/"]}]},{"@type":"ImageObject","inLanguage":"de","@id":"https:\/\/lebi-modelism.com\/de\/ueber\/#primaryimage","url":"https:\/\/lebi-modelism.com\/wp-content\/uploads\/2023\/10\/illu-01.svg","contentUrl":"https:\/\/lebi-modelism.com\/wp-content\/uploads\/2023\/10\/illu-01.svg"},{"@type":"BreadcrumbList","@id":"https:\/\/lebi-modelism.com\/de\/ueber\/#breadcrumb","itemListElement":[{"@type":"ListItem","position":1,"name":"Home","item":"https:\/\/lebi-modelism.com\/de\/"},{"@type":"ListItem","position":2,"name":"\u00dcber"}]},{"@type":"WebSite","@id":"https:\/\/lebi-modelism.com\/de\/#website","url":"https:\/\/lebi-modelism.com\/de\/","name":"Lebi.modelism","description":"","publisher":{"@id":"https:\/\/lebi-modelism.com\/de\/#organization"},"potentialAction":[{"@type":"SearchAction","target":{"@type":"EntryPoint","urlTemplate":"https:\/\/lebi-modelism.com\/de\/?s={search_term_string}"},"query-input":{"@type":"PropertyValueSpecification","valueRequired":true,"valueName":"search_term_string"}}],"inLanguage":"de"},{"@type":"Organization","@id":"https:\/\/lebi-modelism.com\/de\/#organization","name":"Lebi Modelism","url":"https:\/\/lebi-modelism.com\/de\/","logo":{"@type":"ImageObject","inLanguage":"de","@id":"https:\/\/lebi-modelism.com\/de\/#\/schema\/logo\/image\/","url":"https:\/\/lebi-modelism.com\/wp-content\/uploads\/2023\/10\/logo_lebi_modelism-COLOR.svg","contentUrl":"https:\/\/lebi-modelism.com\/wp-content\/uploads\/2023\/10\/logo_lebi_modelism-COLOR.svg","width":379,"height":85,"caption":"Lebi Modelism"},"image":{"@id":"https:\/\/lebi-modelism.com\/de\/#\/schema\/logo\/image\/"},"sameAs":["https:\/\/www.facebook.com\/lebi.modelism","https:\/\/www.instagram.com\/lebimodelism","https:\/\/www.youtube.com\/@LebiModelism"]}]}},"_links":{"self":[{"href":"https:\/\/lebi-modelism.com\/de\/wp-json\/wp\/v2\/pages\/32049","targetHints":{"allow":["GET"]}}],"collection":[{"href":"https:\/\/lebi-modelism.com\/de\/wp-json\/wp\/v2\/pages"}],"about":[{"href":"https:\/\/lebi-modelism.com\/de\/wp-json\/wp\/v2\/types\/page"}],"author":[{"embeddable":true,"href":"https:\/\/lebi-modelism.com\/de\/wp-json\/wp\/v2\/users\/1"}],"replies":[{"embeddable":true,"href":"https:\/\/lebi-modelism.com\/de\/wp-json\/wp\/v2\/comments?post=32049"}],"version-history":[{"count":0,"href":"https:\/\/lebi-modelism.com\/de\/wp-json\/wp\/v2\/pages\/32049\/revisions"}],"wp:attachment":[{"href":"https:\/\/lebi-modelism.com\/de\/wp-json\/wp\/v2\/media?parent=32049"}],"curies":[{"name":"wp","href":"https:\/\/api.w.org\/{rel}","templated":true}]}}