{"id":32047,"date":"2023-10-14T14:53:00","date_gmt":"2023-10-14T12:53:00","guid":{"rendered":"https:\/\/lebi-modelism.com\/club-rabatte\/"},"modified":"2024-01-05T15:30:05","modified_gmt":"2024-01-05T14:30:05","slug":"club-rabatte","status":"publish","type":"page","link":"https:\/\/lebi-modelism.com\/de\/club-rabatte\/","title":{"rendered":"Club-Rabatte"},"content":{"rendered":"\t\t<div data-elementor-type=\"wp-page\" data-elementor-id=\"32047\" class=\"elementor elementor-32047 elementor-29665\" data-elementor-post-type=\"page\">\n\t\t\t\t<section class=\"elementor-element elementor-element-7b0ffff e-flex e-con-boxed e-con e-parent\" data-id=\"7b0ffff\" data-element_type=\"container\" data-e-type=\"container\">\n\t\t\t\t\t<div class=\"e-con-inner\">\n\t\t<div class=\"elementor-element elementor-element-e48b6cc e-con-full e-flex e-con e-child\" data-id=\"e48b6cc\" data-element_type=\"container\" data-e-type=\"container\">\n\t\t\t\t<div class=\"elementor-element elementor-element-5c2902e elementor-widget elementor-widget-impeka_title\" data-id=\"5c2902e\" data-element_type=\"widget\" data-e-type=\"widget\" data-widget_type=\"impeka_title.default\">\n\t\t\t\t<div class=\"elementor-widget-container\">\n\t\t\t\t\t<h1 class=\"grve-element grve-title grve-h1\"><span>Gibt es Rabatte?<br>\n<\/span><\/h1>\t\t\t\t<\/div>\n\t\t\t\t<\/div>\n\t\t\t\t<div class=\"elementor-element elementor-element-49ae18f elementor-widget elementor-widget-text-editor\" data-id=\"49ae18f\" data-element_type=\"widget\" data-e-type=\"widget\" data-widget_type=\"text-editor.default\">\n\t\t\t\t<div class=\"elementor-widget-container\">\n\t\t\t\t\t\t\t\t\t<p>Wenn Sie Mitglied eines Modellbauclubs sind, profitieren Sie von einem Rabatt!<\/p>\n\t\t\t\t\t\t\t\t<\/div>\n\t\t\t\t<\/div>\n\t\t\t\t<div class=\"elementor-element elementor-element-a33e2d3 elementor-hidden-tablet elementor-hidden-mobile elementor-widget elementor-widget-impeka_empty_space\" data-id=\"a33e2d3\" data-element_type=\"widget\" data-e-type=\"widget\" data-widget_type=\"impeka_empty_space.default\">\n\t\t\t\t<div class=\"elementor-widget-container\">\n\t\t\t\t\t<div class=\"grve-empty-space grve-height-1x\"><\/div>\t\t\t\t<\/div>\n\t\t\t\t<\/div>\n\t\t\t\t<div class=\"elementor-element elementor-element-6fbc895 elementor-widget elementor-widget-text-editor\" data-id=\"6fbc895\" data-element_type=\"widget\" data-e-type=\"widget\" data-widget_type=\"text-editor.default\">\n\t\t\t\t<div class=\"elementor-widget-container\">\n\t\t\t\t\t\t\t\t\t<p>-30 % auf das Jahresabonnement<\/p>\n\t\t\t\t\t\t\t\t<\/div>\n\t\t\t\t<\/div>\n\t\t\t\t<div class=\"elementor-element elementor-element-8c5b72f grve-elementor-align-left elementor-widget elementor-widget-impeka_title\" data-id=\"8c5b72f\" data-element_type=\"widget\" data-e-type=\"widget\" data-widget_type=\"impeka_title.default\">\n\t\t\t\t<div class=\"elementor-widget-container\">\n\t\t\t\t\t<div class=\"grve-element grve-title grve-h6\"><span>Wie funktioniert das?<br>\n<\/span><\/div>\t\t\t\t<\/div>\n\t\t\t\t<\/div>\n\t\t\t\t<div class=\"elementor-element elementor-element-1b99f85 elementor-align-start elementor-widget__width-inherit elementor-icon-list--layout-traditional elementor-list-item-link-full_width elementor-widget elementor-widget-icon-list\" data-id=\"1b99f85\" data-element_type=\"widget\" data-e-type=\"widget\" data-widget_type=\"icon-list.default\">\n\t\t\t\t<div class=\"elementor-widget-container\">\n\t\t\t\t\t\t\t<ul class=\"elementor-icon-list-items\">\n\t\t\t\t\t\t\t<li class=\"elementor-icon-list-item\">\n\t\t\t\t\t\t\t\t\t\t\t<span class=\"elementor-icon-list-icon\">\n\t\t\t\t\t\t\t<i aria-hidden=\"true\" class=\"uic fi-rr-1\"><\/i>\t\t\t\t\t\t<\/span>\n\t\t\t\t\t\t\t\t\t\t<span class=\"elementor-icon-list-text\">Die Clubmitglieder m\u00fcssen individuelle Jahresabonnements abschlie\u00dfen.<\/span>\n\t\t\t\t\t\t\t\t\t<\/li>\n\t\t\t\t\t\t\t\t<li class=\"elementor-icon-list-item\">\n\t\t\t\t\t\t\t\t\t\t\t<span class=\"elementor-icon-list-icon\">\n\t\t\t\t\t\t\t<i aria-hidden=\"true\" class=\"uic fi-rr-2\"><\/i>\t\t\t\t\t\t<\/span>\n\t\t\t\t\t\t\t\t\t\t<span class=\"elementor-icon-list-text\">Das Mitglied reicht den ausgef\u00fcllten Antrag ein und f\u00fcgt die erforderlichen Belege hinzu. (Satzung des Clubs und\/oder Vereins sowie ggf. ein Nachweis \u00fcber die Mitgliedschaft)<\/span>\n\t\t\t\t\t\t\t\t\t<\/li>\n\t\t\t\t\t\t\t\t<li class=\"elementor-icon-list-item\">\n\t\t\t\t\t\t\t\t\t\t\t<span class=\"elementor-icon-list-icon\">\n\t\t\t\t\t\t\t<i aria-hidden=\"true\" class=\"uic fi-rr-3\"><\/i>\t\t\t\t\t\t<\/span>\n\t\t\t\t\t\t\t\t\t\t<span class=\"elementor-icon-list-text\">Wenn Ihr Antrag best\u00e4tigt wird, wird der Rabattbetrag Ihrem Bankkonto innerhalb von 10 Werktagen gutgeschrieben.<\/span>\n\t\t\t\t\t\t\t\t\t<\/li>\n\t\t\t\t\t\t<\/ul>\n\t\t\t\t\t\t<\/div>\n\t\t\t\t<\/div>\n\t\t\t\t<div class=\"elementor-element elementor-element-dc062ae elementor-icon-list--layout-traditional elementor-list-item-link-full_width elementor-widget elementor-widget-icon-list\" data-id=\"dc062ae\" data-element_type=\"widget\" data-e-type=\"widget\" data-widget_type=\"icon-list.default\">\n\t\t\t\t<div class=\"elementor-widget-container\">\n\t\t\t\t\t\t\t<ul class=\"elementor-icon-list-items\">\n\t\t\t\t\t\t\t<li class=\"elementor-icon-list-item\">\n\t\t\t\t\t\t\t\t\t\t\t<span class=\"elementor-icon-list-icon\">\n\t\t\t\t\t\t\t<i aria-hidden=\"true\" class=\"xlwpf isaxbold-warning-2\"><\/i>\t\t\t\t\t\t<\/span>\n\t\t\t\t\t\t\t\t\t\t<span class=\"elementor-icon-list-text\">Bitte beachten Sie, dass der Antrag j\u00e4hrlich im Anschluss an die jeweilige Verl\u00e4ngerung gestellt werden muss.<\/span>\n\t\t\t\t\t\t\t\t\t<\/li>\n\t\t\t\t\t\t<\/ul>\n\t\t\t\t\t\t<\/div>\n\t\t\t\t<\/div>\n\t\t\t\t<\/div>\n\t\t<div class=\"elementor-element elementor-element-93412c3 e-con-full e-flex e-con e-child\" data-id=\"93412c3\" data-element_type=\"container\" data-e-type=\"container\">\n\t\t<div class=\"elementor-element elementor-element-35c27be e-flex e-con-boxed elementor-invisible e-con e-child\" data-id=\"35c27be\" data-element_type=\"container\" data-e-type=\"container\" data-settings=\"{&quot;background_background&quot;:&quot;classic&quot;,&quot;animation&quot;:&quot;fadeIn&quot;}\">\n\t\t\t\t\t<div class=\"e-con-inner\">\n\t\t\t\t<div class=\"elementor-element elementor-element-9a8a667 elementor-widget elementor-widget-impeka_custom_contact_form\" data-id=\"9a8a667\" data-element_type=\"widget\" data-e-type=\"widget\" data-widget_type=\"impeka_custom_contact_form.default\">\n\t\t\t\t<div class=\"elementor-widget-container\">\n\t\t\t\t\t<div class=\"grve-element grve-contact-form grve-small-text grve-form-btn-simple grve-form-btn-extra-round grve-form-btn-bg-primary-1 grve-form-btn-bg-hover-black grve-form-btn-medium grve-form-round grve-form-input-border-type-solid grve-form-input-border-primary-2 grve-form-input-focus-border-primary-6 grve-form-input-text-black grve-form-input-placeholder-primary-6 grve-form-input-bg-transparent grve-form-round\">\n<div class=\"wpcf7 no-js\" id=\"wpcf7-f32071-o1\" lang=\"de-DE\" dir=\"ltr\" data-wpcf7-id=\"32071\">\n<div class=\"screen-reader-response\"><p role=\"status\" aria-live=\"polite\" aria-atomic=\"true\"><\/p> <ul><\/ul><\/div>\n<form action=\"\/de\/wp-json\/wp\/v2\/pages\/32047#wpcf7-f32071-o1\" method=\"post\" class=\"wpcf7-form init\" aria-label=\"Kontaktformular\" enctype=\"multipart\/form-data\" novalidate=\"novalidate\" data-status=\"init\">\n<fieldset class=\"hidden-fields-container\"><input type=\"hidden\" name=\"_wpcf7\" value=\"32071\" \/><input type=\"hidden\" name=\"_wpcf7_version\" value=\"6.1.5\" \/><input type=\"hidden\" name=\"_wpcf7_locale\" value=\"de_DE\" \/><input type=\"hidden\" name=\"_wpcf7_unit_tag\" value=\"wpcf7-f32071-o1\" \/><input type=\"hidden\" name=\"_wpcf7_container_post\" value=\"0\" \/><input type=\"hidden\" name=\"_wpcf7_posted_data_hash\" value=\"\" \/><input type=\"hidden\" name=\"_wpcf7_recaptcha_response\" value=\"\" \/>\n<\/fieldset>\n<p>\n<label>Ihr Name<\/label>\n<span class=\"wpcf7-form-control-wrap\" data-name=\"your-name\"><input size=\"40\" maxlength=\"400\" class=\"wpcf7-form-control wpcf7-text wpcf7-validates-as-required\" autocomplete=\"name\" aria-required=\"true\" aria-invalid=\"false\" placeholder=\"Vor-\/Nachname\" value=\"\" type=\"text\" name=\"your-name\" \/><\/span>\n<\/p>\n<p>\n<label>Mit Ihrem \u201eLebi Modelism\u201c-Konto verkn\u00fcpfte E-Mail-Adresse<\/label>\n<span class=\"wpcf7-form-control-wrap\" data-name=\"your-email\"><input size=\"40\" maxlength=\"400\" class=\"wpcf7-form-control wpcf7-email wpcf7-validates-as-required wpcf7-text wpcf7-validates-as-email\" autocomplete=\"email\" aria-required=\"true\" aria-invalid=\"false\" value=\"\" type=\"email\" name=\"your-email\" \/><\/span> \n<\/p>\n<p>\n<label>Name des Clubs<\/label>\n<span class=\"wpcf7-form-control-wrap\" data-name=\"your-club-name\"><input size=\"40\" maxlength=\"400\" class=\"wpcf7-form-control wpcf7-text wpcf7-validates-as-required\" aria-required=\"true\" aria-invalid=\"false\" value=\"\" type=\"text\" name=\"your-club-name\" \/><\/span>\n<\/p>\n<p>\n<label>Kontaktdaten des Clubs<\/label>\n<span class=\"wpcf7-form-control-wrap\" data-name=\"your-club\"><input size=\"40\" maxlength=\"400\" class=\"wpcf7-form-control wpcf7-text wpcf7-validates-as-required\" aria-required=\"true\" aria-invalid=\"false\" value=\"\" type=\"text\" name=\"your-club\" \/><\/span>\n<\/p>\n<p>\n<label>Bitte f\u00fcgen Sie die Satzung Ihres Clubs oder ggf. Ihren Mitgliedsausweis bei (jpg, png, pdf \u2013 max. 4 MB)<\/label>\n<span class=\"wpcf7-form-control-wrap\" data-name=\"file-81\"><input size=\"40\" class=\"wpcf7-form-control wpcf7-file wpcf7-validates-as-required\" accept=\".jpg,.png,.pdf\" aria-required=\"true\" aria-invalid=\"false\" type=\"file\" name=\"file-81\" \/><\/span>\n<\/p>\n<p>\n<label>IBAN<\/label>\n<span class=\"wpcf7-form-control-wrap\" data-name=\"your-iban\"><input size=\"40\" maxlength=\"400\" class=\"wpcf7-form-control wpcf7-text wpcf7-validates-as-required\" aria-required=\"true\" aria-invalid=\"false\" value=\"\" type=\"text\" name=\"your-iban\" \/><\/span>\n<\/p>\n<p>\n<label>BIC<\/label>\n<span class=\"wpcf7-form-control-wrap\" data-name=\"your-bic\"><input size=\"40\" maxlength=\"400\" class=\"wpcf7-form-control wpcf7-text wpcf7-validates-as-required\" aria-required=\"true\" aria-invalid=\"false\" value=\"\" type=\"text\" name=\"your-bic\" \/><\/span>\n<\/p>\n<p>\n<span class=\"wpcf7-form-control-wrap\" data-name=\"acceptance-305\"><span class=\"wpcf7-form-control wpcf7-acceptance\"><span class=\"wpcf7-list-item\"><label><input type=\"checkbox\" name=\"acceptance-305\" value=\"1\" aria-invalid=\"false\" \/><span class=\"wpcf7-list-item-label\">Ich bin damit einverstanden, dass \"Lebi.modelism\" meine personenbezogenen Daten in \u00dcbereinstimmung mit den Datenschutzbestimmungen verwendet.<\/span><\/label><\/span><\/span><\/span>\n<\/p>\n<input class=\"wpcf7-form-control wpcf7-submit has-spinner\" type=\"submit\" value=\"Submit Inquiry\" \/><div class=\"wpcf7-response-output\" aria-hidden=\"true\"><\/div>\n<\/form>\n<\/div>\n<\/div>\t\t\t\t<\/div>\n\t\t\t\t<\/div>\n\t\t\t\t\t<\/div>\n\t\t\t\t<\/div>\n\t\t\t\t<\/div>\n\t\t\t\t\t<\/div>\n\t\t\t\t<\/section>\n\t\t\t\t<\/div>\n\t\t","protected":false},"excerpt":{"rendered":"<p>Gibt es Rabatte? Wenn Sie Mitglied eines Modellbauclubs sind, profitieren Sie von einem Rabatt! -30 % auf das Jahresabonnement Wie funktioniert das? Die Clubmitglieder m\u00fcssen individuelle Jahresabonnements abschlie\u00dfen. Das Mitglied reicht den ausgef\u00fcllten Antrag ein und f\u00fcgt die erforderlichen Belege hinzu. (Satzung des Clubs und\/oder Vereins sowie ggf. ein Nachweis \u00fcber die Mitgliedschaft) Wenn Ihr [&hellip;]<\/p>\n","protected":false},"author":1,"featured_media":0,"parent":0,"menu_order":0,"comment_status":"closed","ping_status":"closed","template":"","meta":{"_lmt_disableupdate":"","_lmt_disable":"","footnotes":""},"class_list":["post-32047","page","type-page","status-publish","hentry","grve-entry-item"],"yoast_head":"<title>Club-Rabatte - Lebi.modelism<\/title>\n<meta name=\"robots\" content=\"index, follow, max-snippet:-1, max-image-preview:large, max-video-preview:-1\" \/>\n<link rel=\"canonical\" href=\"https:\/\/lebi-modelism.com\/de\/club-rabatte\/\" \/>\n<meta property=\"og:locale\" content=\"de_DE\" \/>\n<meta property=\"og:type\" content=\"article\" \/>\n<meta property=\"og:title\" content=\"Club-Rabatte - Lebi.modelism\" \/>\n<meta property=\"og:description\" content=\"Gibt es Rabatte? Wenn Sie Mitglied eines Modellbauclubs sind, profitieren Sie von einem Rabatt! -30 % auf das Jahresabonnement Wie funktioniert das? Die Clubmitglieder m\u00fcssen individuelle Jahresabonnements abschlie\u00dfen. Das Mitglied reicht den ausgef\u00fcllten Antrag ein und f\u00fcgt die erforderlichen Belege hinzu. (Satzung des Clubs und\/oder Vereins sowie ggf. ein Nachweis \u00fcber die Mitgliedschaft) Wenn Ihr [&hellip;]\" \/>\n<meta property=\"og:url\" content=\"https:\/\/lebi-modelism.com\/de\/club-rabatte\/\" \/>\n<meta property=\"og:site_name\" content=\"Lebi.modelism\" \/>\n<meta property=\"article:publisher\" content=\"https:\/\/www.facebook.com\/lebi.modelism\" \/>\n<meta property=\"article:modified_time\" content=\"2024-01-05T14:30:05+00:00\" \/>\n<meta name=\"twitter:card\" content=\"summary_large_image\" \/>\n<meta name=\"twitter:label1\" content=\"Gesch\u00e4tzte Lesezeit\" \/>\n\t<meta name=\"twitter:data1\" content=\"1\u00a0Minute\" \/>\n<script type=\"application\/ld+json\" class=\"yoast-schema-graph\">{\"@context\":\"https:\\\/\\\/schema.org\",\"@graph\":[{\"@type\":\"WebPage\",\"@id\":\"https:\\\/\\\/lebi-modelism.com\\\/de\\\/club-rabatte\\\/\",\"url\":\"https:\\\/\\\/lebi-modelism.com\\\/de\\\/club-rabatte\\\/\",\"name\":\"Club-Rabatte - Lebi.modelism\",\"isPartOf\":{\"@id\":\"https:\\\/\\\/lebi-modelism.com\\\/de\\\/#website\"},\"datePublished\":\"2023-10-14T12:53:00+00:00\",\"dateModified\":\"2024-01-05T14:30:05+00:00\",\"breadcrumb\":{\"@id\":\"https:\\\/\\\/lebi-modelism.com\\\/de\\\/club-rabatte\\\/#breadcrumb\"},\"inLanguage\":\"de\",\"potentialAction\":[{\"@type\":\"ReadAction\",\"target\":[\"https:\\\/\\\/lebi-modelism.com\\\/de\\\/club-rabatte\\\/\"]}]},{\"@type\":\"BreadcrumbList\",\"@id\":\"https:\\\/\\\/lebi-modelism.com\\\/de\\\/club-rabatte\\\/#breadcrumb\",\"itemListElement\":[{\"@type\":\"ListItem\",\"position\":1,\"name\":\"Home\",\"item\":\"https:\\\/\\\/lebi-modelism.com\\\/de\\\/\"},{\"@type\":\"ListItem\",\"position\":2,\"name\":\"Club-Rabatte\"}]},{\"@type\":\"WebSite\",\"@id\":\"https:\\\/\\\/lebi-modelism.com\\\/de\\\/#website\",\"url\":\"https:\\\/\\\/lebi-modelism.com\\\/de\\\/\",\"name\":\"Lebi.modelism\",\"description\":\"\",\"publisher\":{\"@id\":\"https:\\\/\\\/lebi-modelism.com\\\/de\\\/#organization\"},\"potentialAction\":[{\"@type\":\"SearchAction\",\"target\":{\"@type\":\"EntryPoint\",\"urlTemplate\":\"https:\\\/\\\/lebi-modelism.com\\\/de\\\/?s={search_term_string}\"},\"query-input\":{\"@type\":\"PropertyValueSpecification\",\"valueRequired\":true,\"valueName\":\"search_term_string\"}}],\"inLanguage\":\"de\"},{\"@type\":\"Organization\",\"@id\":\"https:\\\/\\\/lebi-modelism.com\\\/de\\\/#organization\",\"name\":\"Lebi Modelism\",\"url\":\"https:\\\/\\\/lebi-modelism.com\\\/de\\\/\",\"logo\":{\"@type\":\"ImageObject\",\"inLanguage\":\"de\",\"@id\":\"https:\\\/\\\/lebi-modelism.com\\\/de\\\/#\\\/schema\\\/logo\\\/image\\\/\",\"url\":\"https:\\\/\\\/lebi-modelism.com\\\/wp-content\\\/uploads\\\/2023\\\/10\\\/logo_lebi_modelism-COLOR.svg\",\"contentUrl\":\"https:\\\/\\\/lebi-modelism.com\\\/wp-content\\\/uploads\\\/2023\\\/10\\\/logo_lebi_modelism-COLOR.svg\",\"width\":379,\"height\":85,\"caption\":\"Lebi Modelism\"},\"image\":{\"@id\":\"https:\\\/\\\/lebi-modelism.com\\\/de\\\/#\\\/schema\\\/logo\\\/image\\\/\"},\"sameAs\":[\"https:\\\/\\\/www.facebook.com\\\/lebi.modelism\",\"https:\\\/\\\/www.instagram.com\\\/lebimodelism\",\"https:\\\/\\\/www.youtube.com\\\/@LebiModelism\"]}]}<\/script>","yoast_head_json":{"title":"Club-Rabatte - Lebi.modelism","robots":{"index":"index","follow":"follow","max-snippet":"max-snippet:-1","max-image-preview":"max-image-preview:large","max-video-preview":"max-video-preview:-1"},"canonical":"https:\/\/lebi-modelism.com\/de\/club-rabatte\/","og_locale":"de_DE","og_type":"article","og_title":"Club-Rabatte - Lebi.modelism","og_description":"Gibt es Rabatte? Wenn Sie Mitglied eines Modellbauclubs sind, profitieren Sie von einem Rabatt! -30 % auf das Jahresabonnement Wie funktioniert das? Die Clubmitglieder m\u00fcssen individuelle Jahresabonnements abschlie\u00dfen. Das Mitglied reicht den ausgef\u00fcllten Antrag ein und f\u00fcgt die erforderlichen Belege hinzu. (Satzung des Clubs und\/oder Vereins sowie ggf. ein Nachweis \u00fcber die Mitgliedschaft) Wenn Ihr [&hellip;]","og_url":"https:\/\/lebi-modelism.com\/de\/club-rabatte\/","og_site_name":"Lebi.modelism","article_publisher":"https:\/\/www.facebook.com\/lebi.modelism","article_modified_time":"2024-01-05T14:30:05+00:00","twitter_card":"summary_large_image","twitter_misc":{"Gesch\u00e4tzte Lesezeit":"1\u00a0Minute"},"schema":{"@context":"https:\/\/schema.org","@graph":[{"@type":"WebPage","@id":"https:\/\/lebi-modelism.com\/de\/club-rabatte\/","url":"https:\/\/lebi-modelism.com\/de\/club-rabatte\/","name":"Club-Rabatte - Lebi.modelism","isPartOf":{"@id":"https:\/\/lebi-modelism.com\/de\/#website"},"datePublished":"2023-10-14T12:53:00+00:00","dateModified":"2024-01-05T14:30:05+00:00","breadcrumb":{"@id":"https:\/\/lebi-modelism.com\/de\/club-rabatte\/#breadcrumb"},"inLanguage":"de","potentialAction":[{"@type":"ReadAction","target":["https:\/\/lebi-modelism.com\/de\/club-rabatte\/"]}]},{"@type":"BreadcrumbList","@id":"https:\/\/lebi-modelism.com\/de\/club-rabatte\/#breadcrumb","itemListElement":[{"@type":"ListItem","position":1,"name":"Home","item":"https:\/\/lebi-modelism.com\/de\/"},{"@type":"ListItem","position":2,"name":"Club-Rabatte"}]},{"@type":"WebSite","@id":"https:\/\/lebi-modelism.com\/de\/#website","url":"https:\/\/lebi-modelism.com\/de\/","name":"Lebi.modelism","description":"","publisher":{"@id":"https:\/\/lebi-modelism.com\/de\/#organization"},"potentialAction":[{"@type":"SearchAction","target":{"@type":"EntryPoint","urlTemplate":"https:\/\/lebi-modelism.com\/de\/?s={search_term_string}"},"query-input":{"@type":"PropertyValueSpecification","valueRequired":true,"valueName":"search_term_string"}}],"inLanguage":"de"},{"@type":"Organization","@id":"https:\/\/lebi-modelism.com\/de\/#organization","name":"Lebi Modelism","url":"https:\/\/lebi-modelism.com\/de\/","logo":{"@type":"ImageObject","inLanguage":"de","@id":"https:\/\/lebi-modelism.com\/de\/#\/schema\/logo\/image\/","url":"https:\/\/lebi-modelism.com\/wp-content\/uploads\/2023\/10\/logo_lebi_modelism-COLOR.svg","contentUrl":"https:\/\/lebi-modelism.com\/wp-content\/uploads\/2023\/10\/logo_lebi_modelism-COLOR.svg","width":379,"height":85,"caption":"Lebi Modelism"},"image":{"@id":"https:\/\/lebi-modelism.com\/de\/#\/schema\/logo\/image\/"},"sameAs":["https:\/\/www.facebook.com\/lebi.modelism","https:\/\/www.instagram.com\/lebimodelism","https:\/\/www.youtube.com\/@LebiModelism"]}]}},"_links":{"self":[{"href":"https:\/\/lebi-modelism.com\/de\/wp-json\/wp\/v2\/pages\/32047","targetHints":{"allow":["GET"]}}],"collection":[{"href":"https:\/\/lebi-modelism.com\/de\/wp-json\/wp\/v2\/pages"}],"about":[{"href":"https:\/\/lebi-modelism.com\/de\/wp-json\/wp\/v2\/types\/page"}],"author":[{"embeddable":true,"href":"https:\/\/lebi-modelism.com\/de\/wp-json\/wp\/v2\/users\/1"}],"replies":[{"embeddable":true,"href":"https:\/\/lebi-modelism.com\/de\/wp-json\/wp\/v2\/comments?post=32047"}],"version-history":[{"count":0,"href":"https:\/\/lebi-modelism.com\/de\/wp-json\/wp\/v2\/pages\/32047\/revisions"}],"wp:attachment":[{"href":"https:\/\/lebi-modelism.com\/de\/wp-json\/wp\/v2\/media?parent=32047"}],"curies":[{"name":"wp","href":"https:\/\/api.w.org\/{rel}","templated":true}]}}